{"id":16,"date":"2025-02-20T22:21:19","date_gmt":"2025-02-20T22:21:19","guid":{"rendered":"https:\/\/linkupsolutions.us\/es\/?page_id=16"},"modified":"2025-11-10T14:13:48","modified_gmt":"2025-11-10T14:13:48","slug":"servicios","status":"publish","type":"page","link":"https:\/\/linkupsolutions.us\/es\/servicios\/","title":{"rendered":"Servicios"},"content":{"rendered":"\t\t<div data-elementor-type=\"wp-page\" data-elementor-id=\"16\" class=\"elementor elementor-16\" data-elementor-post-type=\"page\">\n\t\t\t\t<div class=\"elementor-element elementor-element-58081ff2 e-con-full e-flex e-con e-parent\" data-id=\"58081ff2\" data-element_type=\"container\" data-e-type=\"container\" data-settings=\"{&quot;background_background&quot;:&quot;classic&quot;}\">\n\t\t<div class=\"elementor-element elementor-element-783cdab0 e-flex e-con-boxed e-con e-child\" data-id=\"783cdab0\" data-element_type=\"container\" data-e-type=\"container\">\n\t\t\t\t\t<div class=\"e-con-inner\">\n\t\t<div class=\"elementor-element elementor-element-2fef5f1b e-con-full e-flex e-con e-child\" data-id=\"2fef5f1b\" data-element_type=\"container\" data-e-type=\"container\">\n\t\t\t\t<div class=\"elementor-element elementor-element-5744d5fb elementor-widget elementor-widget-elementskit-heading\" data-id=\"5744d5fb\" data-element_type=\"widget\" data-e-type=\"widget\" data-widget_type=\"elementskit-heading.default\">\n\t\t\t\t<div class=\"elementor-widget-container\">\n\t\t\t\t\t<div class=\"ekit-wid-con\" ><div class=\"ekit-heading elementskit-section-title-wraper text_left   ekit_heading_tablet-   ekit_heading_mobile-text_center\"><h1 class=\"ekit-heading--title elementskit-section-title \">nuestros <span><span>servicios<\/span><\/span><\/h1><\/div><\/div>\t\t\t\t<\/div>\n\t\t\t\t<\/div>\n\t\t\t\t<\/div>\n\t\t<div class=\"elementor-element elementor-element-3aa11bdd e-con-full e-flex e-con e-child\" data-id=\"3aa11bdd\" data-element_type=\"container\" data-e-type=\"container\">\n\t\t<a class=\"elementor-element elementor-element-4466f1ed e-con-full e-flex e-con e-child\" data-id=\"4466f1ed\" data-element_type=\"container\" data-e-type=\"container\" data-settings=\"{&quot;background_background&quot;:&quot;classic&quot;}\" href=\"https:\/\/linkupsolutions.us\/es\/accidente-de-auto\/\">\n\t\t<div class=\"elementor-element elementor-element-69a3050f e-con-full e-flex e-con e-child\" data-id=\"69a3050f\" data-element_type=\"container\" data-e-type=\"container\" data-settings=\"{&quot;background_background&quot;:&quot;classic&quot;}\">\n\t\t\t\t<div class=\"elementor-element elementor-element-3e92a82 elementor-widget elementor-widget-heading\" data-id=\"3e92a82\" data-element_type=\"widget\" data-e-type=\"widget\" data-widget_type=\"heading.default\">\n\t\t\t\t<div class=\"elementor-widget-container\">\n\t\t\t\t\t<h6 class=\"elementor-heading-title elementor-size-default\">Accidentes de tr\u00e1fico<\/h6>\t\t\t\t<\/div>\n\t\t\t\t<\/div>\n\t\t\t\t<div class=\"elementor-element elementor-element-1db25b7b elementor-widget elementor-widget-heading\" data-id=\"1db25b7b\" data-element_type=\"widget\" data-e-type=\"widget\" data-widget_type=\"heading.default\">\n\t\t\t\t<div class=\"elementor-widget-container\">\n\t\t\t\t\t<h3 class=\"elementor-heading-title elementor-size-default\">\u00bfEstuviste en un accidente de auto?<\/h3>\t\t\t\t<\/div>\n\t\t\t\t<\/div>\n\t\t\t\t<div class=\"elementor-element elementor-element-4e63d361 elementor-widget elementor-widget-text-editor\" data-id=\"4e63d361\" data-element_type=\"widget\" data-e-type=\"widget\" data-widget_type=\"text-editor.default\">\n\t\t\t\t<div class=\"elementor-widget-container\">\n\t\t\t\t\t\t\t\t\t<p><span style=\"font-weight: 400;\">Recibe <\/span><b>asesor\u00eda m\u00e9dica y legal inicial gratuita<\/b><span style=\"font-weight: 400;\"> para reclamar lo que te corresponde y defender tus derechos.<\/span><\/p>\t\t\t\t\t\t\t\t<\/div>\n\t\t\t\t<\/div>\n\t\t\t\t<\/div>\n\t\t\t\t<\/a>\n\t\t<a class=\"elementor-element elementor-element-e9f28ac e-con-full e-flex e-con e-child\" data-id=\"e9f28ac\" data-element_type=\"container\" data-e-type=\"container\" data-settings=\"{&quot;background_background&quot;:&quot;classic&quot;}\" href=\"https:\/\/linkupsolutions.us\/es\/resbalon-y-caida\/\">\n\t\t<div class=\"elementor-element elementor-element-7df649f0 e-con-full e-flex e-con e-child\" data-id=\"7df649f0\" data-element_type=\"container\" data-e-type=\"container\" data-settings=\"{&quot;background_background&quot;:&quot;classic&quot;}\">\n\t\t\t\t<div class=\"elementor-element elementor-element-75919149 elementor-widget elementor-widget-heading\" data-id=\"75919149\" data-element_type=\"widget\" data-e-type=\"widget\" data-widget_type=\"heading.default\">\n\t\t\t\t<div class=\"elementor-widget-container\">\n\t\t\t\t\t<h6 class=\"elementor-heading-title elementor-size-default\">Ca\u00eddas y resbalones<\/h6>\t\t\t\t<\/div>\n\t\t\t\t<\/div>\n\t\t\t\t<div class=\"elementor-element elementor-element-7023563 elementor-widget elementor-widget-heading\" data-id=\"7023563\" data-element_type=\"widget\" data-e-type=\"widget\" data-widget_type=\"heading.default\">\n\t\t\t\t<div class=\"elementor-widget-container\">\n\t\t\t\t\t<h3 class=\"elementor-heading-title elementor-size-default\">\u00bfSufriste una ca\u00edda?<\/h3>\t\t\t\t<\/div>\n\t\t\t\t<\/div>\n\t\t\t\t<div class=\"elementor-element elementor-element-2e3e379b elementor-widget elementor-widget-text-editor\" data-id=\"2e3e379b\" data-element_type=\"widget\" data-e-type=\"widget\" data-widget_type=\"text-editor.default\">\n\t\t\t\t<div class=\"elementor-widget-container\">\n\t\t\t\t\t\t\t\t\t<p><span style=\"font-weight: 400;\">Te ayudamos a <\/span><b>exigir responsabilidades<\/b><span style=\"font-weight: 400;\"> y obtener atenci\u00f3n m\u00e9dica y respaldo legal especializado.<\/span><\/p>\t\t\t\t\t\t\t\t<\/div>\n\t\t\t\t<\/div>\n\t\t\t\t<\/div>\n\t\t\t\t<\/a>\n\t\t<a class=\"elementor-element elementor-element-64bb8aa3 e-con-full e-flex e-con e-child\" data-id=\"64bb8aa3\" data-element_type=\"container\" data-e-type=\"container\" data-settings=\"{&quot;background_background&quot;:&quot;classic&quot;}\" href=\"https:\/\/linkupsolutions.us\/es\/compensacion-laboral\/\">\n\t\t<div class=\"elementor-element elementor-element-4c58ca7c e-con-full e-flex e-con e-child\" data-id=\"4c58ca7c\" data-element_type=\"container\" data-e-type=\"container\" data-settings=\"{&quot;background_background&quot;:&quot;classic&quot;}\">\n\t\t\t\t<div class=\"elementor-element elementor-element-4354579e elementor-widget elementor-widget-heading\" data-id=\"4354579e\" data-element_type=\"widget\" data-e-type=\"widget\" data-widget_type=\"heading.default\">\n\t\t\t\t<div class=\"elementor-widget-container\">\n\t\t\t\t\t<h6 class=\"elementor-heading-title elementor-size-default\">Compensaci\u00f3n laboral<\/h6>\t\t\t\t<\/div>\n\t\t\t\t<\/div>\n\t\t\t\t<div class=\"elementor-element elementor-element-790c5901 elementor-widget elementor-widget-heading\" data-id=\"790c5901\" data-element_type=\"widget\" data-e-type=\"widget\" data-widget_type=\"heading.default\">\n\t\t\t\t<div class=\"elementor-widget-container\">\n\t\t\t\t\t<h3 class=\"elementor-heading-title elementor-size-default\">\u00bfTe lesionaste en el trabajo?<\/h3>\t\t\t\t<\/div>\n\t\t\t\t<\/div>\n\t\t\t\t<div class=\"elementor-element elementor-element-710be8a elementor-widget elementor-widget-text-editor\" data-id=\"710be8a\" data-element_type=\"widget\" data-e-type=\"widget\" data-widget_type=\"text-editor.default\">\n\t\t\t\t<div class=\"elementor-widget-container\">\n\t\t\t\t\t\t\t\t\t<p><span style=\"font-weight: 400;\">Defendemos tus derechos <\/span><b>sin que tengas que pagar nada de tu bolsillo<\/b><span style=\"font-weight: 400;\">.<\/span><\/p>\t\t\t\t\t\t\t\t<\/div>\n\t\t\t\t<\/div>\n\t\t\t\t<\/div>\n\t\t\t\t<\/a>\n\t\t\t\t<\/div>\n\t\t<div class=\"elementor-element elementor-element-3ac1dbe0 e-con-full e-flex e-con e-child\" data-id=\"3ac1dbe0\" data-element_type=\"container\" data-e-type=\"container\">\n\t\t<a class=\"elementor-element elementor-element-2bdfbd39 e-con-full e-flex e-con e-child\" data-id=\"2bdfbd39\" data-element_type=\"container\" data-e-type=\"container\" data-settings=\"{&quot;background_background&quot;:&quot;classic&quot;}\" href=\"https:\/\/linkupsolutions.us\/es\/inmigracion\/\">\n\t\t<div class=\"elementor-element elementor-element-55dea403 e-con-full e-flex e-con e-child\" data-id=\"55dea403\" data-element_type=\"container\" data-e-type=\"container\" data-settings=\"{&quot;background_background&quot;:&quot;classic&quot;}\">\n\t\t\t\t<div class=\"elementor-element elementor-element-771e6ee3 elementor-widget elementor-widget-heading\" data-id=\"771e6ee3\" data-element_type=\"widget\" data-e-type=\"widget\" data-widget_type=\"heading.default\">\n\t\t\t\t<div class=\"elementor-widget-container\">\n\t\t\t\t\t<h6 class=\"elementor-heading-title elementor-size-default\">Inmigraci\u00f3n<\/h6>\t\t\t\t<\/div>\n\t\t\t\t<\/div>\n\t\t\t\t<div class=\"elementor-element elementor-element-5b05edef elementor-widget elementor-widget-heading\" data-id=\"5b05edef\" data-element_type=\"widget\" data-e-type=\"widget\" data-widget_type=\"heading.default\">\n\t\t\t\t<div class=\"elementor-widget-container\">\n\t\t\t\t\t<h3 class=\"elementor-heading-title elementor-size-default\">\u00bfTienes problemas migratorios?<\/h3>\t\t\t\t<\/div>\n\t\t\t\t<\/div>\n\t\t\t\t<div class=\"elementor-element elementor-element-4d568068 elementor-widget elementor-widget-text-editor\" data-id=\"4d568068\" data-element_type=\"widget\" data-e-type=\"widget\" data-widget_type=\"text-editor.default\">\n\t\t\t\t<div class=\"elementor-widget-container\">\n\t\t\t\t\t\t\t\t\t<p><span style=\"font-weight: 400;\">\u00a0Te ofrecemos orientaci\u00f3n confiable para <\/span><b>tr\u00e1mites de residencia, defensa en cortes, protecci\u00f3n de tus derechos<\/b><span style=\"font-weight: 400;\"> y tu camino hacia la ciudadan\u00eda estadounidense.<\/span><\/p>\t\t\t\t\t\t\t\t<\/div>\n\t\t\t\t<\/div>\n\t\t\t\t<\/div>\n\t\t\t\t<\/a>\n\t\t<a class=\"elementor-element elementor-element-2a5a9041 e-con-full e-flex e-con e-child\" data-id=\"2a5a9041\" data-element_type=\"container\" data-e-type=\"container\" data-settings=\"{&quot;background_background&quot;:&quot;classic&quot;}\" href=\"https:\/\/linkupsolutions.us\/es\/danos-a-la-propiedad\/\">\n\t\t<div class=\"elementor-element elementor-element-41df79b6 e-con-full e-flex e-con e-child\" data-id=\"41df79b6\" data-element_type=\"container\" data-e-type=\"container\" data-settings=\"{&quot;background_background&quot;:&quot;classic&quot;}\">\n\t\t\t\t<div class=\"elementor-element elementor-element-3e4c825f elementor-widget elementor-widget-heading\" data-id=\"3e4c825f\" data-element_type=\"widget\" data-e-type=\"widget\" data-widget_type=\"heading.default\">\n\t\t\t\t<div class=\"elementor-widget-container\">\n\t\t\t\t\t<h6 class=\"elementor-heading-title elementor-size-default\">Da\u00f1os a la propiedad<\/h6>\t\t\t\t<\/div>\n\t\t\t\t<\/div>\n\t\t\t\t<div class=\"elementor-element elementor-element-617edd1d elementor-widget elementor-widget-heading\" data-id=\"617edd1d\" data-element_type=\"widget\" data-e-type=\"widget\" data-widget_type=\"heading.default\">\n\t\t\t\t<div class=\"elementor-widget-container\">\n\t\t\t\t\t<h3 class=\"elementor-heading-title elementor-size-default\">\u00bfTu propiedad sufri\u00f3 da\u00f1os?<\/h3>\t\t\t\t<\/div>\n\t\t\t\t<\/div>\n\t\t\t\t<div class=\"elementor-element elementor-element-5d075352 elementor-widget elementor-widget-text-editor\" data-id=\"5d075352\" data-element_type=\"widget\" data-e-type=\"widget\" data-widget_type=\"text-editor.default\">\n\t\t\t\t<div class=\"elementor-widget-container\">\n\t\t\t\t\t\t\t\t\t<p><span style=\"font-weight: 400;\">\u00a0Te ayudamos a <\/span><b>presentar tu reclamo al seguro<\/b><span style=\"font-weight: 400;\"> y obtener la compensaci\u00f3n que te corresponde.<\/span><\/p>\t\t\t\t\t\t\t\t<\/div>\n\t\t\t\t<\/div>\n\t\t\t\t<\/div>\n\t\t\t\t<\/a>\n\t\t\t\t<\/div>\n\t\t<div class=\"elementor-element elementor-element-5214a016 e-con-full e-flex e-con e-child\" data-id=\"5214a016\" data-element_type=\"container\" data-e-type=\"container\">\n\t\t\t\t<div class=\"elementor-element elementor-element-75f21781 elementor-widget elementor-widget-elementskit-heading\" data-id=\"75f21781\" data-element_type=\"widget\" data-e-type=\"widget\" data-widget_type=\"elementskit-heading.default\">\n\t\t\t\t<div class=\"elementor-widget-container\">\n\t\t\t\t\t<div class=\"ekit-wid-con\" ><div class=\"ekit-heading elementskit-section-title-wraper text_left   ekit_heading_tablet-   ekit_heading_mobile-text_center\"><h2 class=\"ekit-heading--title elementskit-section-title \"> Apoyo <span><span>legal y m\u00e9dico<\/span><\/span> especializado<\/h2><\/div><\/div>\t\t\t\t<\/div>\n\t\t\t\t<\/div>\n\t\t\t\t<div class=\"elementor-element elementor-element-4aa6539b elementor-align-left elementor-widget elementor-widget-button\" data-id=\"4aa6539b\" data-element_type=\"widget\" data-e-type=\"widget\" data-widget_type=\"button.default\">\n\t\t\t\t<div class=\"elementor-widget-container\">\n\t\t\t\t\t\t\t\t\t<div class=\"elementor-button-wrapper\">\n\t\t\t\t\t<a class=\"elementor-button elementor-button-link elementor-size-sm\" href=\"https:\/\/linkupsolutions.us\/es\/contacto\/\">\n\t\t\t\t\t\t<span class=\"elementor-button-content-wrapper\">\n\t\t\t\t\t\t<span class=\"elementor-button-icon\">\n\t\t\t\t<i aria-hidden=\"true\" class=\"jki jki-arrow-circle-right-solid\"><\/i>\t\t\t<\/span>\n\t\t\t\t\t\t\t\t\t<span class=\"elementor-button-text\">Pide tu asesor\u00eda 100% gratis<\/span>\n\t\t\t\t\t<\/span>\n\t\t\t\t\t<\/a>\n\t\t\t\t<\/div>\n\t\t\t\t\t\t\t\t<\/div>\n\t\t\t\t<\/div>\n\t\t\t\t<\/div>\n\t\t\t\t\t<\/div>\n\t\t\t\t<\/div>\n\t\t\t\t<\/div>\n\t\t\t\t<\/div>\n\t\t","protected":false},"excerpt":{"rendered":"<p>nuestros servicios Accidentes de tr\u00e1fico \u00bfEstuviste en un accidente de auto? Recibe asesor\u00eda m\u00e9dica y legal inicial gratuita para reclamar lo que te corresponde y defender tus derechos. Ca\u00eddas y resbalones \u00bfSufriste una ca\u00edda? Te ayudamos a exigir responsabilidades y obtener atenci\u00f3n m\u00e9dica y respaldo legal especializado. Compensaci\u00f3n laboral \u00bfTe lesionaste en el trabajo? Defendemos [&hellip;]<\/p>\n","protected":false},"author":4,"featured_media":0,"parent":0,"menu_order":0,"comment_status":"closed","ping_status":"closed","template":"","meta":{"_joinchat":[],"footnotes":""},"class_list":["post-16","page","type-page","status-publish","hentry"],"yoast_head":"<!-- This site is optimized with the Yoast SEO plugin v27.4 - https:\/\/yoast.com\/product\/yoast-seo-wordpress\/ -->\n<title>Servicios | Link Up Solutions \u2014 Spanish<\/title>\n<meta name=\"description\" content=\"Accidente o caso legal? Ofrecemos apoyo completo: abogado + cl\u00ednica + gesti\u00f3n. Consulta gratuita. Pagas solo si ganamos.\" \/>\n<meta name=\"robots\" content=\"index, follow, max-snippet:-1, max-image-preview:large, max-video-preview:-1\" \/>\n<link rel=\"canonical\" href=\"https:\/\/linkupsolutions.us\/es\/servicios\/\" \/>\n<meta property=\"og:locale\" content=\"es_ES\" \/>\n<meta property=\"og:type\" content=\"article\" \/>\n<meta property=\"og:title\" content=\"Servicios | Link Up Solutions \u2014 Spanish\" \/>\n<meta property=\"og:description\" content=\"Accidente o caso legal? Ofrecemos apoyo completo: abogado + cl\u00ednica + gesti\u00f3n. Consulta gratuita. Pagas solo si ganamos.\" \/>\n<meta property=\"og:url\" content=\"https:\/\/linkupsolutions.us\/es\/servicios\/\" \/>\n<meta property=\"og:site_name\" content=\"Link Up Solutions \u2014 Spanish\" \/>\n<meta property=\"article:modified_time\" content=\"2025-11-10T14:13:48+00:00\" \/>\n<meta name=\"twitter:card\" content=\"summary_large_image\" \/>\n<meta name=\"twitter:label1\" content=\"Tiempo de lectura\" \/>\n\t<meta name=\"twitter:data1\" content=\"1 minuto\" \/>\n<script type=\"application\/ld+json\" class=\"yoast-schema-graph\">{\"@context\":\"https:\\\/\\\/schema.org\",\"@graph\":[{\"@type\":\"WebPage\",\"@id\":\"https:\\\/\\\/linkupsolutions.us\\\/es\\\/servicios\\\/\",\"url\":\"https:\\\/\\\/linkupsolutions.us\\\/es\\\/servicios\\\/\",\"name\":\"Servicios | Link Up Solutions \u2014 Spanish\",\"isPartOf\":{\"@id\":\"https:\\\/\\\/linkupsolutions.us\\\/es\\\/#website\"},\"datePublished\":\"2025-02-20T22:21:19+00:00\",\"dateModified\":\"2025-11-10T14:13:48+00:00\",\"description\":\"Accidente o caso legal? Ofrecemos apoyo completo: abogado + cl\u00ednica + gesti\u00f3n. Consulta gratuita. Pagas solo si ganamos.\",\"breadcrumb\":{\"@id\":\"https:\\\/\\\/linkupsolutions.us\\\/es\\\/servicios\\\/#breadcrumb\"},\"inLanguage\":\"es\",\"potentialAction\":[{\"@type\":\"ReadAction\",\"target\":[\"https:\\\/\\\/linkupsolutions.us\\\/es\\\/servicios\\\/\"]}]},{\"@type\":\"BreadcrumbList\",\"@id\":\"https:\\\/\\\/linkupsolutions.us\\\/es\\\/servicios\\\/#breadcrumb\",\"itemListElement\":[{\"@type\":\"ListItem\",\"position\":1,\"name\":\"Home\",\"item\":\"https:\\\/\\\/linkupsolutions.us\\\/es\\\/\"},{\"@type\":\"ListItem\",\"position\":2,\"name\":\"Servicios\"}]},{\"@type\":\"WebSite\",\"@id\":\"https:\\\/\\\/linkupsolutions.us\\\/es\\\/#website\",\"url\":\"https:\\\/\\\/linkupsolutions.us\\\/es\\\/\",\"name\":\"Link Up Solutions \u2014 Spanish\",\"description\":\"\",\"publisher\":{\"@id\":\"https:\\\/\\\/linkupsolutions.us\\\/es\\\/#organization\"},\"potentialAction\":[{\"@type\":\"SearchAction\",\"target\":{\"@type\":\"EntryPoint\",\"urlTemplate\":\"https:\\\/\\\/linkupsolutions.us\\\/es\\\/?s={search_term_string}\"},\"query-input\":{\"@type\":\"PropertyValueSpecification\",\"valueRequired\":true,\"valueName\":\"search_term_string\"}}],\"inLanguage\":\"es\"},{\"@type\":\"Organization\",\"@id\":\"https:\\\/\\\/linkupsolutions.us\\\/es\\\/#organization\",\"name\":\"Link Up Solutions \u2014 Spanish\",\"url\":\"https:\\\/\\\/linkupsolutions.us\\\/es\\\/\",\"logo\":{\"@type\":\"ImageObject\",\"inLanguage\":\"es\",\"@id\":\"https:\\\/\\\/linkupsolutions.us\\\/es\\\/#\\\/schema\\\/logo\\\/image\\\/\",\"url\":\"https:\\\/\\\/linkupsolutions.us\\\/es\\\/wp-content\\\/uploads\\\/sites\\\/12\\\/2025\\\/02\\\/Logo-Link-Up-Solutions.svg\",\"contentUrl\":\"https:\\\/\\\/linkupsolutions.us\\\/es\\\/wp-content\\\/uploads\\\/sites\\\/12\\\/2025\\\/02\\\/Logo-Link-Up-Solutions.svg\",\"width\":167,\"height\":200,\"caption\":\"Link Up Solutions \u2014 Spanish\"},\"image\":{\"@id\":\"https:\\\/\\\/linkupsolutions.us\\\/es\\\/#\\\/schema\\\/logo\\\/image\\\/\"}}]}<\/script>\n<!-- \/ Yoast SEO plugin. -->","yoast_head_json":{"title":"Servicios | Link Up Solutions \u2014 Spanish","description":"Accidente o caso legal? Ofrecemos apoyo completo: abogado + cl\u00ednica + gesti\u00f3n. Consulta gratuita. Pagas solo si ganamos.","robots":{"index":"index","follow":"follow","max-snippet":"max-snippet:-1","max-image-preview":"max-image-preview:large","max-video-preview":"max-video-preview:-1"},"canonical":"https:\/\/linkupsolutions.us\/es\/servicios\/","og_locale":"es_ES","og_type":"article","og_title":"Servicios | Link Up Solutions \u2014 Spanish","og_description":"Accidente o caso legal? Ofrecemos apoyo completo: abogado + cl\u00ednica + gesti\u00f3n. Consulta gratuita. Pagas solo si ganamos.","og_url":"https:\/\/linkupsolutions.us\/es\/servicios\/","og_site_name":"Link Up Solutions \u2014 Spanish","article_modified_time":"2025-11-10T14:13:48+00:00","twitter_card":"summary_large_image","twitter_misc":{"Tiempo de lectura":"1 minuto"},"schema":{"@context":"https:\/\/schema.org","@graph":[{"@type":"WebPage","@id":"https:\/\/linkupsolutions.us\/es\/servicios\/","url":"https:\/\/linkupsolutions.us\/es\/servicios\/","name":"Servicios | Link Up Solutions \u2014 Spanish","isPartOf":{"@id":"https:\/\/linkupsolutions.us\/es\/#website"},"datePublished":"2025-02-20T22:21:19+00:00","dateModified":"2025-11-10T14:13:48+00:00","description":"Accidente o caso legal? Ofrecemos apoyo completo: abogado + cl\u00ednica + gesti\u00f3n. Consulta gratuita. Pagas solo si ganamos.","breadcrumb":{"@id":"https:\/\/linkupsolutions.us\/es\/servicios\/#breadcrumb"},"inLanguage":"es","potentialAction":[{"@type":"ReadAction","target":["https:\/\/linkupsolutions.us\/es\/servicios\/"]}]},{"@type":"BreadcrumbList","@id":"https:\/\/linkupsolutions.us\/es\/servicios\/#breadcrumb","itemListElement":[{"@type":"ListItem","position":1,"name":"Home","item":"https:\/\/linkupsolutions.us\/es\/"},{"@type":"ListItem","position":2,"name":"Servicios"}]},{"@type":"WebSite","@id":"https:\/\/linkupsolutions.us\/es\/#website","url":"https:\/\/linkupsolutions.us\/es\/","name":"Link Up Solutions \u2014 Spanish","description":"","publisher":{"@id":"https:\/\/linkupsolutions.us\/es\/#organization"},"potentialAction":[{"@type":"SearchAction","target":{"@type":"EntryPoint","urlTemplate":"https:\/\/linkupsolutions.us\/es\/?s={search_term_string}"},"query-input":{"@type":"PropertyValueSpecification","valueRequired":true,"valueName":"search_term_string"}}],"inLanguage":"es"},{"@type":"Organization","@id":"https:\/\/linkupsolutions.us\/es\/#organization","name":"Link Up Solutions \u2014 Spanish","url":"https:\/\/linkupsolutions.us\/es\/","logo":{"@type":"ImageObject","inLanguage":"es","@id":"https:\/\/linkupsolutions.us\/es\/#\/schema\/logo\/image\/","url":"https:\/\/linkupsolutions.us\/es\/wp-content\/uploads\/sites\/12\/2025\/02\/Logo-Link-Up-Solutions.svg","contentUrl":"https:\/\/linkupsolutions.us\/es\/wp-content\/uploads\/sites\/12\/2025\/02\/Logo-Link-Up-Solutions.svg","width":167,"height":200,"caption":"Link Up Solutions \u2014 Spanish"},"image":{"@id":"https:\/\/linkupsolutions.us\/es\/#\/schema\/logo\/image\/"}}]}},"_links":{"self":[{"href":"https:\/\/linkupsolutions.us\/es\/wp-json\/wp\/v2\/pages\/16","targetHints":{"allow":["GET"]}}],"collection":[{"href":"https:\/\/linkupsolutions.us\/es\/wp-json\/wp\/v2\/pages"}],"about":[{"href":"https:\/\/linkupsolutions.us\/es\/wp-json\/wp\/v2\/types\/page"}],"author":[{"embeddable":true,"href":"https:\/\/linkupsolutions.us\/es\/wp-json\/wp\/v2\/users\/4"}],"replies":[{"embeddable":true,"href":"https:\/\/linkupsolutions.us\/es\/wp-json\/wp\/v2\/comments?post=16"}],"version-history":[{"count":290,"href":"https:\/\/linkupsolutions.us\/es\/wp-json\/wp\/v2\/pages\/16\/revisions"}],"predecessor-version":[{"id":4593,"href":"https:\/\/linkupsolutions.us\/es\/wp-json\/wp\/v2\/pages\/16\/revisions\/4593"}],"wp:attachment":[{"href":"https:\/\/linkupsolutions.us\/es\/wp-json\/wp\/v2\/media?parent=16"}],"curies":[{"name":"wp","href":"https:\/\/api.w.org\/{rel}","templated":true}]}}