{"id":200,"date":"2025-02-22T00:27:31","date_gmt":"2025-02-22T00:27:31","guid":{"rendered":"https:\/\/linkupsolutions.us\/es\/?page_id=200"},"modified":"2025-11-10T14:16:21","modified_gmt":"2025-11-10T14:16:21","slug":"terminos-condiciones","status":"publish","type":"page","link":"https:\/\/linkupsolutions.us\/es\/terminos-condiciones\/","title":{"rendered":"T\u00e9rminos y condiciones"},"content":{"rendered":"\t\t<div data-elementor-type=\"wp-page\" data-elementor-id=\"200\" class=\"elementor elementor-200\" data-elementor-post-type=\"page\">\n\t\t\t\t<div class=\"elementor-element elementor-element-cb70660 e-flex e-con-boxed e-con e-parent\" data-id=\"cb70660\" data-element_type=\"container\" data-e-type=\"container\" data-settings=\"{&quot;background_background&quot;:&quot;classic&quot;}\">\n\t\t\t\t\t<div class=\"e-con-inner\">\n\t\t\t\t<div class=\"elementor-element elementor-element-4407088 elementor-widget elementor-widget-heading\" data-id=\"4407088\" data-element_type=\"widget\" data-e-type=\"widget\" data-widget_type=\"heading.default\">\n\t\t\t\t<div class=\"elementor-widget-container\">\n\t\t\t\t\t<h1 class=\"elementor-heading-title elementor-size-default\">Terms and Conditions\n<\/h1>\t\t\t\t<\/div>\n\t\t\t\t<\/div>\n\t\t\t\t<div class=\"elementor-element elementor-element-51789fb elementor-widget elementor-widget-text-editor\" data-id=\"51789fb\" data-element_type=\"widget\" data-e-type=\"widget\" data-widget_type=\"text-editor.default\">\n\t\t\t\t<div class=\"elementor-widget-container\">\n\t\t\t\t\t\t\t\t\t<div data-hook=\"bgLayers\" data-motion-part=\"BG_LAYER comp-lslynhfa1\">\n<div data-motion-part=\"BG_MEDIA comp-lslynhfa1\"><\/div>\n<\/div>\n<div data-mesh-id=\"comp-lslynhfa1inlineContent\" data-testid=\"inline-content\">\n<div data-mesh-id=\"comp-lslynhfa1inlineContent-gridContainer\" data-testid=\"mesh-container-content\">\n<div data-testid=\"richTextElement\">\n<h2><strong>Acuerdo con los T\u00e9rminos<\/strong><\/h2>\nAl acceder y utilizar el sitio web de Link Up Solutions (el \u00abSitio Web\u00bb), usted acepta quedar sujeto a estos T\u00e9rminos y Condiciones (\u00abT\u00e9rminos\u00bb). Si no est\u00e1 de acuerdo con todos estos T\u00e9rminos, queda expresamente prohibido usar el Sitio Web y debe suspender su uso de inmediato.\n<h3><b>Derechos de Propiedad Intelectual<\/b><\/h3>\nA menos que se indique lo contrario, el Sitio Web y todo su contenido, incluidos, pero no limitados a, texto, gr\u00e1ficos, im\u00e1genes, logotipos y software, son propiedad exclusiva de Link Up Solutions y est\u00e1n protegidos por las leyes de derechos de autor y marcas registradas. Se le otorga una licencia limitada para acceder y usar el Sitio Web solo para uso personal y no comercial. No puede modificar, reproducir, distribuir ni explotar de ninguna otra forma cualquier contenido del Sitio Web sin el consentimiento expreso por escrito de Link Up Solutions.\n\n<span style=\"color: inherit; font-family: inherit; font-size: 2rem;\"> <\/span>\n<h2><b>Conducta del Usuario<\/b><\/h2>\n<p>Usted acepta usar el Sitio Web de manera responsable y conforme a la ley. No deber\u00e1:<\/p>\n\n<ul>\n    <li>Usar el Sitio Web para cualquier prop\u00f3sito ilegal o no autorizado.<\/li>\n    <li>Transmitir virus, gusanos, defectos, troyanos o cualquier otro elemento de naturaleza destructiva.<\/li>\n    <li>Intentar obtener acceso no autorizado al Sitio Web o a cualquier sistema o red relacionado.<\/li>\n    <li>Interferir o interrumpir la operaci\u00f3n del Sitio Web o los servidores o redes utilizados para poner el Sitio Web a disposici\u00f3n.<\/li>\n    <li>Recopilar o almacenar datos personales de otros usuarios sin su consentimiento expreso.<\/li>\n<\/ul>\n\n<h2><strong>Renuncia de Garant\u00edas<\/strong><\/h2>\nEl Sitio Web y su contenido se proporcionan \u00abtal cual\u00bb y \u00abseg\u00fan disponibilidad\u00bb sin garant\u00edas de ning\u00fan tipo, expresas o impl\u00edcitas. Link Up Solutions renuncia a todas las garant\u00edas, incluidas, entre otras, las garant\u00edas de comerciabilidad, idoneidad para un prop\u00f3sito particular, no infracci\u00f3n y exactitud. Link Up Solutions no garantiza que el Sitio Web ser\u00e1 ininterrumpido o libre de errores, que los defectos ser\u00e1n corregidos, o que el Sitio Web o los servidores que lo hacen disponible est\u00e9n libres de virus u otros componentes da\u00f1inos.\n\n<h2><strong>L\u00edmite de Responsabilidad<\/strong><\/h2>\nEn la m\u00e1xima medida permitida por la ley aplicable, en ning\u00fan caso Link Up Solutions ser\u00e1 responsable por da\u00f1os directos, indirectos, incidentales, especiales, consecuenciales o punitivos (incluidos, entre otros, p\u00e9rdida de ganancias, datos, uso, buena voluntad u otras p\u00e9rdidas intangibles) que surjan o est\u00e9n relacionados con su acceso o uso del Sitio Web, o su incapacidad para acceder o usarlo, ya sea basado en garant\u00eda, contrato, agravio (incluida negligencia), estatuto u otra teor\u00eda legal, incluso si Link Up Solutions ha sido informado de la posibilidad de tales da\u00f1os.\n\n<h2><strong>Servicio de SMS<\/strong><\/h2>\nPuede cancelar el servicio de SMS en cualquier momento. Simplemente env\u00ede la palabra \u201cSTOP\u201d al c\u00f3digo corto. Tras enviar \u201cSTOP\u201d, confirmaremos su baja a trav\u00e9s de SMS. Despu\u00e9s de esta confirmaci\u00f3n, ya no recibir\u00e1 mensajes SMS de nuestra parte. Para volver a unirse, reg\u00edstrese nuevamente como lo hizo inicialmente y reanudaremos el env\u00edo de mensajes SMS.\n\n<h2><strong>Enlaces a Terceros<\/strong><\/h2>\nEl Sitio Web puede contener enlaces a sitios web o recursos de terceros. Link Up Solutions no es responsable del contenido, productos, servicios o pr\u00e1cticas de dichos sitios o recursos. Usted reconoce y acepta que Link Up Solutions no ser\u00e1 responsable, directa o indirectamente, por cualquier da\u00f1o o p\u00e9rdida causados o supuestamente causados por el uso o la confianza en dicho contenido, productos, servicios o pr\u00e1cticas.\n\n<h2><strong>Modificaciones a los T\u00e9rminos<\/strong><\/h2>\nLink Up Solutions se reserva el derecho de modificar estos T\u00e9rminos en cualquier momento sin aviso previo. Su uso continuo del Sitio Web despu\u00e9s de dichos cambios constituye su aceptaci\u00f3n de los nuevos T\u00e9rminos. Es su responsabilidad revisar estos T\u00e9rminos peri\u00f3dicamente.\n\n<h2><strong>Ley Aplicable<\/strong><\/h2>\nEstos T\u00e9rminos se regir\u00e1n e interpretar\u00e1n de acuerdo con las leyes del Estado de Florida, EE. UU., sin tener en cuenta sus disposiciones sobre conflictos de leyes.\n\n<h2><strong>Informaci\u00f3n de Contacto<\/strong><\/h2>\nSi tiene preguntas o inquietudes sobre estos T\u00e9rminos y Condiciones, comun\u00edquese con nosotros en:\n\nLink-UP Solutions LLC<br>\nDirecci\u00f3n: 6100 Waterford District Dr, Suite 455, Miami, Florida 33126<br>\nTel\u00e9fono: 786-968-8675<br>\nCorreo electr\u00f3nico: manager@linkupsolutions-us.com\n<\/div>\n<\/div>\n<\/div>\n\t\t\t\t\t\t\t\t<\/div>\n\t\t\t\t<\/div>\n\t\t\t\t\t<\/div>\n\t\t\t\t<\/div>\n\t\t\t\t<\/div>\n\t\t","protected":false},"excerpt":{"rendered":"<p>Terms and Conditions Acuerdo con los T\u00e9rminos Al acceder y utilizar el sitio web de Link Up Solutions (el \u00abSitio Web\u00bb), usted acepta quedar sujeto a estos T\u00e9rminos y Condiciones (\u00abT\u00e9rminos\u00bb). Si no est\u00e1 de acuerdo con todos estos T\u00e9rminos, queda expresamente prohibido usar el Sitio Web y debe suspender su uso de inmediato. Derechos [&hellip;]<\/p>\n","protected":false},"author":4,"featured_media":0,"parent":0,"menu_order":0,"comment_status":"closed","ping_status":"closed","template":"","meta":{"_joinchat":[],"footnotes":""},"class_list":["post-200","page","type-page","status-publish","hentry"],"yoast_head":"<!-- This site is optimized with the Yoast SEO plugin v27.4 - https:\/\/yoast.com\/product\/yoast-seo-wordpress\/ -->\n<title>T\u00e9rminos y condiciones | Link Up Solutions \u2014 Spanish<\/title>\n<meta name=\"description\" content=\"Revisa los T\u00e9rminos y Condiciones que regulan el uso de nuestra plataforma y servicios. Transparencia y claridad para todos.\" \/>\n<meta name=\"robots\" content=\"index, follow, max-snippet:-1, max-image-preview:large, max-video-preview:-1\" \/>\n<link rel=\"canonical\" href=\"https:\/\/linkupsolutions.us\/es\/terminos-condiciones\/\" \/>\n<meta property=\"og:locale\" content=\"es_ES\" \/>\n<meta property=\"og:type\" content=\"article\" \/>\n<meta property=\"og:title\" content=\"T\u00e9rminos y condiciones | Link Up Solutions \u2014 Spanish\" \/>\n<meta property=\"og:description\" content=\"Revisa los T\u00e9rminos y Condiciones que regulan el uso de nuestra plataforma y servicios. Transparencia y claridad para todos.\" \/>\n<meta property=\"og:url\" content=\"https:\/\/linkupsolutions.us\/es\/terminos-condiciones\/\" \/>\n<meta property=\"og:site_name\" content=\"Link Up Solutions \u2014 Spanish\" \/>\n<meta property=\"article:modified_time\" content=\"2025-11-10T14:16:21+00:00\" \/>\n<meta name=\"twitter:card\" content=\"summary_large_image\" \/>\n<meta name=\"twitter:label1\" content=\"Tiempo de lectura\" \/>\n\t<meta name=\"twitter:data1\" content=\"3 minutos\" \/>\n<script type=\"application\/ld+json\" class=\"yoast-schema-graph\">{\"@context\":\"https:\\\/\\\/schema.org\",\"@graph\":[{\"@type\":\"WebPage\",\"@id\":\"https:\\\/\\\/linkupsolutions.us\\\/es\\\/terminos-condiciones\\\/\",\"url\":\"https:\\\/\\\/linkupsolutions.us\\\/es\\\/terminos-condiciones\\\/\",\"name\":\"T\u00e9rminos y condiciones | Link Up Solutions \u2014 Spanish\",\"isPartOf\":{\"@id\":\"https:\\\/\\\/linkupsolutions.us\\\/es\\\/#website\"},\"datePublished\":\"2025-02-22T00:27:31+00:00\",\"dateModified\":\"2025-11-10T14:16:21+00:00\",\"description\":\"Revisa los T\u00e9rminos y Condiciones que regulan el uso de nuestra plataforma y servicios. Transparencia y claridad para todos.\",\"breadcrumb\":{\"@id\":\"https:\\\/\\\/linkupsolutions.us\\\/es\\\/terminos-condiciones\\\/#breadcrumb\"},\"inLanguage\":\"es\",\"potentialAction\":[{\"@type\":\"ReadAction\",\"target\":[\"https:\\\/\\\/linkupsolutions.us\\\/es\\\/terminos-condiciones\\\/\"]}]},{\"@type\":\"BreadcrumbList\",\"@id\":\"https:\\\/\\\/linkupsolutions.us\\\/es\\\/terminos-condiciones\\\/#breadcrumb\",\"itemListElement\":[{\"@type\":\"ListItem\",\"position\":1,\"name\":\"Home\",\"item\":\"https:\\\/\\\/linkupsolutions.us\\\/es\\\/\"},{\"@type\":\"ListItem\",\"position\":2,\"name\":\"T\u00e9rminos y condiciones\"}]},{\"@type\":\"WebSite\",\"@id\":\"https:\\\/\\\/linkupsolutions.us\\\/es\\\/#website\",\"url\":\"https:\\\/\\\/linkupsolutions.us\\\/es\\\/\",\"name\":\"Link Up Solutions \u2014 Spanish\",\"description\":\"\",\"publisher\":{\"@id\":\"https:\\\/\\\/linkupsolutions.us\\\/es\\\/#organization\"},\"potentialAction\":[{\"@type\":\"SearchAction\",\"target\":{\"@type\":\"EntryPoint\",\"urlTemplate\":\"https:\\\/\\\/linkupsolutions.us\\\/es\\\/?s={search_term_string}\"},\"query-input\":{\"@type\":\"PropertyValueSpecification\",\"valueRequired\":true,\"valueName\":\"search_term_string\"}}],\"inLanguage\":\"es\"},{\"@type\":\"Organization\",\"@id\":\"https:\\\/\\\/linkupsolutions.us\\\/es\\\/#organization\",\"name\":\"Link Up Solutions \u2014 Spanish\",\"url\":\"https:\\\/\\\/linkupsolutions.us\\\/es\\\/\",\"logo\":{\"@type\":\"ImageObject\",\"inLanguage\":\"es\",\"@id\":\"https:\\\/\\\/linkupsolutions.us\\\/es\\\/#\\\/schema\\\/logo\\\/image\\\/\",\"url\":\"https:\\\/\\\/linkupsolutions.us\\\/es\\\/wp-content\\\/uploads\\\/sites\\\/12\\\/2025\\\/02\\\/Logo-Link-Up-Solutions.svg\",\"contentUrl\":\"https:\\\/\\\/linkupsolutions.us\\\/es\\\/wp-content\\\/uploads\\\/sites\\\/12\\\/2025\\\/02\\\/Logo-Link-Up-Solutions.svg\",\"width\":167,\"height\":200,\"caption\":\"Link Up Solutions \u2014 Spanish\"},\"image\":{\"@id\":\"https:\\\/\\\/linkupsolutions.us\\\/es\\\/#\\\/schema\\\/logo\\\/image\\\/\"}}]}<\/script>\n<!-- \/ Yoast SEO plugin. -->","yoast_head_json":{"title":"T\u00e9rminos y condiciones | Link Up Solutions \u2014 Spanish","description":"Revisa los T\u00e9rminos y Condiciones que regulan el uso de nuestra plataforma y servicios. Transparencia y claridad para todos.","robots":{"index":"index","follow":"follow","max-snippet":"max-snippet:-1","max-image-preview":"max-image-preview:large","max-video-preview":"max-video-preview:-1"},"canonical":"https:\/\/linkupsolutions.us\/es\/terminos-condiciones\/","og_locale":"es_ES","og_type":"article","og_title":"T\u00e9rminos y condiciones | Link Up Solutions \u2014 Spanish","og_description":"Revisa los T\u00e9rminos y Condiciones que regulan el uso de nuestra plataforma y servicios. Transparencia y claridad para todos.","og_url":"https:\/\/linkupsolutions.us\/es\/terminos-condiciones\/","og_site_name":"Link Up Solutions \u2014 Spanish","article_modified_time":"2025-11-10T14:16:21+00:00","twitter_card":"summary_large_image","twitter_misc":{"Tiempo de lectura":"3 minutos"},"schema":{"@context":"https:\/\/schema.org","@graph":[{"@type":"WebPage","@id":"https:\/\/linkupsolutions.us\/es\/terminos-condiciones\/","url":"https:\/\/linkupsolutions.us\/es\/terminos-condiciones\/","name":"T\u00e9rminos y condiciones | Link Up Solutions \u2014 Spanish","isPartOf":{"@id":"https:\/\/linkupsolutions.us\/es\/#website"},"datePublished":"2025-02-22T00:27:31+00:00","dateModified":"2025-11-10T14:16:21+00:00","description":"Revisa los T\u00e9rminos y Condiciones que regulan el uso de nuestra plataforma y servicios. Transparencia y claridad para todos.","breadcrumb":{"@id":"https:\/\/linkupsolutions.us\/es\/terminos-condiciones\/#breadcrumb"},"inLanguage":"es","potentialAction":[{"@type":"ReadAction","target":["https:\/\/linkupsolutions.us\/es\/terminos-condiciones\/"]}]},{"@type":"BreadcrumbList","@id":"https:\/\/linkupsolutions.us\/es\/terminos-condiciones\/#breadcrumb","itemListElement":[{"@type":"ListItem","position":1,"name":"Home","item":"https:\/\/linkupsolutions.us\/es\/"},{"@type":"ListItem","position":2,"name":"T\u00e9rminos y condiciones"}]},{"@type":"WebSite","@id":"https:\/\/linkupsolutions.us\/es\/#website","url":"https:\/\/linkupsolutions.us\/es\/","name":"Link Up Solutions \u2014 Spanish","description":"","publisher":{"@id":"https:\/\/linkupsolutions.us\/es\/#organization"},"potentialAction":[{"@type":"SearchAction","target":{"@type":"EntryPoint","urlTemplate":"https:\/\/linkupsolutions.us\/es\/?s={search_term_string}"},"query-input":{"@type":"PropertyValueSpecification","valueRequired":true,"valueName":"search_term_string"}}],"inLanguage":"es"},{"@type":"Organization","@id":"https:\/\/linkupsolutions.us\/es\/#organization","name":"Link Up Solutions \u2014 Spanish","url":"https:\/\/linkupsolutions.us\/es\/","logo":{"@type":"ImageObject","inLanguage":"es","@id":"https:\/\/linkupsolutions.us\/es\/#\/schema\/logo\/image\/","url":"https:\/\/linkupsolutions.us\/es\/wp-content\/uploads\/sites\/12\/2025\/02\/Logo-Link-Up-Solutions.svg","contentUrl":"https:\/\/linkupsolutions.us\/es\/wp-content\/uploads\/sites\/12\/2025\/02\/Logo-Link-Up-Solutions.svg","width":167,"height":200,"caption":"Link Up Solutions \u2014 Spanish"},"image":{"@id":"https:\/\/linkupsolutions.us\/es\/#\/schema\/logo\/image\/"}}]}},"_links":{"self":[{"href":"https:\/\/linkupsolutions.us\/es\/wp-json\/wp\/v2\/pages\/200","targetHints":{"allow":["GET"]}}],"collection":[{"href":"https:\/\/linkupsolutions.us\/es\/wp-json\/wp\/v2\/pages"}],"about":[{"href":"https:\/\/linkupsolutions.us\/es\/wp-json\/wp\/v2\/types\/page"}],"author":[{"embeddable":true,"href":"https:\/\/linkupsolutions.us\/es\/wp-json\/wp\/v2\/users\/4"}],"replies":[{"embeddable":true,"href":"https:\/\/linkupsolutions.us\/es\/wp-json\/wp\/v2\/comments?post=200"}],"version-history":[{"count":68,"href":"https:\/\/linkupsolutions.us\/es\/wp-json\/wp\/v2\/pages\/200\/revisions"}],"predecessor-version":[{"id":4684,"href":"https:\/\/linkupsolutions.us\/es\/wp-json\/wp\/v2\/pages\/200\/revisions\/4684"}],"wp:attachment":[{"href":"https:\/\/linkupsolutions.us\/es\/wp-json\/wp\/v2\/media?parent=200"}],"curies":[{"name":"wp","href":"https:\/\/api.w.org\/{rel}","templated":true}]}}