{"id":4076,"date":"2025-05-11T19:27:15","date_gmt":"2025-05-11T19:27:15","guid":{"rendered":"https:\/\/linkupsolutions.us\/es\/?page_id=4076"},"modified":"2025-11-10T14:29:15","modified_gmt":"2025-11-10T14:29:15","slug":"nuestro-equipo","status":"publish","type":"page","link":"https:\/\/linkupsolutions.us\/es\/nuestro-equipo\/","title":{"rendered":"Nuestro equipo"},"content":{"rendered":"\t\t<div data-elementor-type=\"wp-page\" data-elementor-id=\"4076\" class=\"elementor elementor-4076\" data-elementor-post-type=\"page\">\n\t\t\t\t<div class=\"elementor-element elementor-element-46bb55b e-con-full e-flex e-con e-parent\" data-id=\"46bb55b\" data-element_type=\"container\" data-e-type=\"container\">\n\t\t<div class=\"elementor-element elementor-element-6b33b23 e-con-full e-flex e-con e-child\" data-id=\"6b33b23\" data-element_type=\"container\" data-e-type=\"container\" data-settings=\"{&quot;background_background&quot;:&quot;classic&quot;}\">\n\t\t\t\t<div class=\"elementor-element elementor-element-5d98d8f elementor-widget elementor-widget-spacer\" data-id=\"5d98d8f\" data-element_type=\"widget\" data-e-type=\"widget\" data-widget_type=\"spacer.default\">\n\t\t\t\t<div class=\"elementor-widget-container\">\n\t\t\t\t\t\t\t<div class=\"elementor-spacer\">\n\t\t\t<div class=\"elementor-spacer-inner\"><\/div>\n\t\t<\/div>\n\t\t\t\t\t\t<\/div>\n\t\t\t\t<\/div>\n\t\t\t\t<\/div>\n\t\t<div class=\"elementor-element elementor-element-595d35a e-con-full e-flex e-con e-child\" data-id=\"595d35a\" data-element_type=\"container\" data-e-type=\"container\" data-settings=\"{&quot;background_background&quot;:&quot;classic&quot;}\">\n\t\t<div class=\"elementor-element elementor-element-9b4c303 e-con-full e-flex e-con e-child\" data-id=\"9b4c303\" data-element_type=\"container\" data-e-type=\"container\">\n\t\t\t\t<div class=\"elementor-element elementor-element-64de1f5 elementor-widget elementor-widget-elementskit-heading\" data-id=\"64de1f5\" data-element_type=\"widget\" data-e-type=\"widget\" data-widget_type=\"elementskit-heading.default\">\n\t\t\t\t<div class=\"elementor-widget-container\">\n\t\t\t\t\t<div class=\"ekit-wid-con\" ><div class=\"ekit-heading elementskit-section-title-wraper text_left   ekit_heading_tablet-   ekit_heading_mobile-\"><h1 class=\"ekit-heading--title elementskit-section-title \"><span><span>Tu primer paso<\/span><\/span> hacia la soluci\u00f3n correcta<\/h1>\t\t\t\t<div class='ekit-heading__description'>\n\t\t\t\t\t<p><span style=\"font-weight: 400\">Somos tu gu\u00eda y tu enlace directo con abogados, m\u00e9dicos y especialistas de confianza, para que recibas la ayuda que mereces <\/span><b>sin complicaciones ni riesgos<\/b><span style=\"font-weight: 400\">.<\/span><\/p>\n\t\t\t\t<\/div>\n\t\t\t<\/div><\/div>\t\t\t\t<\/div>\n\t\t\t\t<\/div>\n\t\t\t\t<div class=\"elementor-element elementor-element-82ccebb elementor-widget elementor-widget-text-editor\" data-id=\"82ccebb\" data-element_type=\"widget\" data-e-type=\"widget\" data-widget_type=\"text-editor.default\">\n\t\t\t\t<div class=\"elementor-widget-container\">\n\t\t\t\t\t\t\t\t\t<p><span style=\"font-weight: 400;\"><b>\u00bfQui\u00e9nes somos?<\/b><\/span><\/p><p><span style=\"font-weight: 400;\">En Link Up Solutions n<\/span><span style=\"font-weight: 400;\">o solo reconocemos tu necesidad: <\/span><b>la entendemos<\/b><span style=\"font-weight: 400;\"> y la llevamos a las manos correctas.<\/span><\/p><p><span style=\"font-weight: 400;\">Nuestro equipo est\u00e1 formado por profesionales comprometidos con apoyarte y orientarte, conectando tu caso con los mejores expertos legales, m\u00e9dicos e inmigratorios del pa\u00eds.<\/span><\/p><p><b>\u00bfNuestro objetivo?<\/b><\/p><p><span style=\"font-weight: 400;\">Ahorrarte tiempo cuando m\u00e1s lo necesitas. Evaluamos tu situaci\u00f3n, filtramos a los socios m\u00e1s confiables y te conectamos directamente con quienes pueden darte la soluci\u00f3n <\/span><b>r\u00e1pida, segura y efectiva<\/b><span style=\"font-weight: 400;\"> que buscas.<\/span><\/p><p><span style=\"font-weight: 400;\">Trabajamos para ti, no para las circunstancias.<\/span><span style=\"font-weight: 400;\"><br \/><\/span><span style=\"font-weight: 400;\"> Cada caso es \u00fanico, y por eso nos aseguramos de que cada persona que conf\u00eda en nosotros reciba un <\/span><b>acompa\u00f1amiento personalizado y humano<\/b><span style=\"font-weight: 400;\">, sin costos por adelantado.<\/span><\/p>\t\t\t\t\t\t\t\t<\/div>\n\t\t\t\t<\/div>\n\t\t\t\t<\/div>\n\t\t\t\t<\/div>\n\t\t\t\t<\/div>\n\t\t<div class=\"elementor-element elementor-element-9010158 e-con-full e-flex e-con e-parent\" data-id=\"9010158\" data-element_type=\"container\" data-e-type=\"container\" data-settings=\"{&quot;background_background&quot;:&quot;classic&quot;}\">\n\t\t<div class=\"elementor-element elementor-element-e661f5d e-con-full e-flex e-con e-child\" data-id=\"e661f5d\" data-element_type=\"container\" data-e-type=\"container\">\n\t\t\t\t<div class=\"elementor-element elementor-element-a2c82f9 elementor-widget elementor-widget-elementskit-heading\" data-id=\"a2c82f9\" data-element_type=\"widget\" data-e-type=\"widget\" data-widget_type=\"elementskit-heading.default\">\n\t\t\t\t<div class=\"elementor-widget-container\">\n\t\t\t\t\t<div class=\"ekit-wid-con\" ><div class=\"ekit-heading elementskit-section-title-wraper text_left   ekit_heading_tablet-   ekit_heading_mobile-text_center\"><h2 class=\"ekit-heading--title elementskit-section-title \">\u00danete a <span><span>Link Up Solutions<\/span><\/span><\/h2><\/div><\/div>\t\t\t\t<\/div>\n\t\t\t\t<\/div>\n\t\t\t\t<div class=\"elementor-element elementor-element-d15f05d elementor-align-left elementor-widget elementor-widget-button\" data-id=\"d15f05d\" data-element_type=\"widget\" data-e-type=\"widget\" data-widget_type=\"button.default\">\n\t\t\t\t<div class=\"elementor-widget-container\">\n\t\t\t\t\t\t\t\t\t<div class=\"elementor-button-wrapper\">\n\t\t\t\t\t<a class=\"elementor-button elementor-button-link elementor-size-sm\" href=\"https:\/\/linkupsolutions.us\/es\/unete-a-nosotros\/\">\n\t\t\t\t\t\t<span class=\"elementor-button-content-wrapper\">\n\t\t\t\t\t\t<span class=\"elementor-button-icon\">\n\t\t\t\t<i aria-hidden=\"true\" class=\"jki jki-arrow-circle-right-solid\"><\/i>\t\t\t<\/span>\n\t\t\t\t\t\t\t\t\t<span class=\"elementor-button-text\">Post\u00falate ahora<\/span>\n\t\t\t\t\t<\/span>\n\t\t\t\t\t<\/a>\n\t\t\t\t<\/div>\n\t\t\t\t\t\t\t\t<\/div>\n\t\t\t\t<\/div>\n\t\t\t\t<\/div>\n\t\t\t\t<\/div>\n\t\t\t\t<\/div>\n\t\t","protected":false},"excerpt":{"rendered":"<p>Tu primer paso hacia la soluci\u00f3n correcta Somos tu gu\u00eda y tu enlace directo con abogados, m\u00e9dicos y especialistas de confianza, para que recibas la ayuda que mereces sin complicaciones ni riesgos. \u00bfQui\u00e9nes somos? En Link Up Solutions no solo reconocemos tu necesidad: la entendemos y la llevamos a las manos correctas. Nuestro equipo est\u00e1 [&hellip;]<\/p>\n","protected":false},"author":4,"featured_media":0,"parent":0,"menu_order":0,"comment_status":"closed","ping_status":"closed","template":"elementor_header_footer","meta":{"_joinchat":[],"footnotes":""},"class_list":["post-4076","page","type-page","status-publish","hentry"],"yoast_head":"<!-- This site is optimized with the Yoast SEO plugin v27.4 - https:\/\/yoast.com\/product\/yoast-seo-wordpress\/ -->\n<title>Nuestro equipo - Link Up Solutions \u2014 Spanish<\/title>\n<meta name=\"description\" content=\"Nuestro equipo est\u00e1 listo para ayudarte tras un accidente. Profesionales dedicados que te acompa\u00f1an con abogados y m\u00e9dicos confiables. Consulta gratis.\" \/>\n<meta name=\"robots\" content=\"index, follow, max-snippet:-1, max-image-preview:large, max-video-preview:-1\" \/>\n<link rel=\"canonical\" href=\"https:\/\/linkupsolutions.us\/es\/nuestro-equipo\/\" \/>\n<meta property=\"og:locale\" content=\"es_ES\" \/>\n<meta property=\"og:type\" content=\"article\" \/>\n<meta property=\"og:title\" content=\"Nuestro equipo - Link Up Solutions \u2014 Spanish\" \/>\n<meta property=\"og:description\" content=\"Nuestro equipo est\u00e1 listo para ayudarte tras un accidente. Profesionales dedicados que te acompa\u00f1an con abogados y m\u00e9dicos confiables. Consulta gratis.\" \/>\n<meta property=\"og:url\" content=\"https:\/\/linkupsolutions.us\/es\/nuestro-equipo\/\" \/>\n<meta property=\"og:site_name\" content=\"Link Up Solutions \u2014 Spanish\" \/>\n<meta property=\"article:modified_time\" content=\"2025-11-10T14:29:15+00:00\" \/>\n<meta name=\"twitter:card\" content=\"summary_large_image\" \/>\n<meta name=\"twitter:label1\" content=\"Tiempo de lectura\" \/>\n\t<meta name=\"twitter:data1\" content=\"1 minuto\" \/>\n<script type=\"application\/ld+json\" class=\"yoast-schema-graph\">{\"@context\":\"https:\\\/\\\/schema.org\",\"@graph\":[{\"@type\":\"WebPage\",\"@id\":\"https:\\\/\\\/linkupsolutions.us\\\/es\\\/nuestro-equipo\\\/\",\"url\":\"https:\\\/\\\/linkupsolutions.us\\\/es\\\/nuestro-equipo\\\/\",\"name\":\"Nuestro equipo - Link Up Solutions \u2014 Spanish\",\"isPartOf\":{\"@id\":\"https:\\\/\\\/linkupsolutions.us\\\/es\\\/#website\"},\"datePublished\":\"2025-05-11T19:27:15+00:00\",\"dateModified\":\"2025-11-10T14:29:15+00:00\",\"description\":\"Nuestro equipo est\u00e1 listo para ayudarte tras un accidente. Profesionales dedicados que te acompa\u00f1an con abogados y m\u00e9dicos confiables. Consulta gratis.\",\"breadcrumb\":{\"@id\":\"https:\\\/\\\/linkupsolutions.us\\\/es\\\/nuestro-equipo\\\/#breadcrumb\"},\"inLanguage\":\"es\",\"potentialAction\":[{\"@type\":\"ReadAction\",\"target\":[\"https:\\\/\\\/linkupsolutions.us\\\/es\\\/nuestro-equipo\\\/\"]}]},{\"@type\":\"BreadcrumbList\",\"@id\":\"https:\\\/\\\/linkupsolutions.us\\\/es\\\/nuestro-equipo\\\/#breadcrumb\",\"itemListElement\":[{\"@type\":\"ListItem\",\"position\":1,\"name\":\"Home\",\"item\":\"https:\\\/\\\/linkupsolutions.us\\\/es\\\/\"},{\"@type\":\"ListItem\",\"position\":2,\"name\":\"Nuestro equipo\"}]},{\"@type\":\"WebSite\",\"@id\":\"https:\\\/\\\/linkupsolutions.us\\\/es\\\/#website\",\"url\":\"https:\\\/\\\/linkupsolutions.us\\\/es\\\/\",\"name\":\"Link Up Solutions \u2014 Spanish\",\"description\":\"\",\"publisher\":{\"@id\":\"https:\\\/\\\/linkupsolutions.us\\\/es\\\/#organization\"},\"potentialAction\":[{\"@type\":\"SearchAction\",\"target\":{\"@type\":\"EntryPoint\",\"urlTemplate\":\"https:\\\/\\\/linkupsolutions.us\\\/es\\\/?s={search_term_string}\"},\"query-input\":{\"@type\":\"PropertyValueSpecification\",\"valueRequired\":true,\"valueName\":\"search_term_string\"}}],\"inLanguage\":\"es\"},{\"@type\":\"Organization\",\"@id\":\"https:\\\/\\\/linkupsolutions.us\\\/es\\\/#organization\",\"name\":\"Link Up Solutions \u2014 Spanish\",\"url\":\"https:\\\/\\\/linkupsolutions.us\\\/es\\\/\",\"logo\":{\"@type\":\"ImageObject\",\"inLanguage\":\"es\",\"@id\":\"https:\\\/\\\/linkupsolutions.us\\\/es\\\/#\\\/schema\\\/logo\\\/image\\\/\",\"url\":\"https:\\\/\\\/linkupsolutions.us\\\/es\\\/wp-content\\\/uploads\\\/sites\\\/12\\\/2025\\\/02\\\/Logo-Link-Up-Solutions.svg\",\"contentUrl\":\"https:\\\/\\\/linkupsolutions.us\\\/es\\\/wp-content\\\/uploads\\\/sites\\\/12\\\/2025\\\/02\\\/Logo-Link-Up-Solutions.svg\",\"width\":167,\"height\":200,\"caption\":\"Link Up Solutions \u2014 Spanish\"},\"image\":{\"@id\":\"https:\\\/\\\/linkupsolutions.us\\\/es\\\/#\\\/schema\\\/logo\\\/image\\\/\"}}]}<\/script>\n<!-- \/ Yoast SEO plugin. -->","yoast_head_json":{"title":"Nuestro equipo - Link Up Solutions \u2014 Spanish","description":"Nuestro equipo est\u00e1 listo para ayudarte tras un accidente. Profesionales dedicados que te acompa\u00f1an con abogados y m\u00e9dicos confiables. Consulta gratis.","robots":{"index":"index","follow":"follow","max-snippet":"max-snippet:-1","max-image-preview":"max-image-preview:large","max-video-preview":"max-video-preview:-1"},"canonical":"https:\/\/linkupsolutions.us\/es\/nuestro-equipo\/","og_locale":"es_ES","og_type":"article","og_title":"Nuestro equipo - Link Up Solutions \u2014 Spanish","og_description":"Nuestro equipo est\u00e1 listo para ayudarte tras un accidente. Profesionales dedicados que te acompa\u00f1an con abogados y m\u00e9dicos confiables. Consulta gratis.","og_url":"https:\/\/linkupsolutions.us\/es\/nuestro-equipo\/","og_site_name":"Link Up Solutions \u2014 Spanish","article_modified_time":"2025-11-10T14:29:15+00:00","twitter_card":"summary_large_image","twitter_misc":{"Tiempo de lectura":"1 minuto"},"schema":{"@context":"https:\/\/schema.org","@graph":[{"@type":"WebPage","@id":"https:\/\/linkupsolutions.us\/es\/nuestro-equipo\/","url":"https:\/\/linkupsolutions.us\/es\/nuestro-equipo\/","name":"Nuestro equipo - Link Up Solutions \u2014 Spanish","isPartOf":{"@id":"https:\/\/linkupsolutions.us\/es\/#website"},"datePublished":"2025-05-11T19:27:15+00:00","dateModified":"2025-11-10T14:29:15+00:00","description":"Nuestro equipo est\u00e1 listo para ayudarte tras un accidente. Profesionales dedicados que te acompa\u00f1an con abogados y m\u00e9dicos confiables. Consulta gratis.","breadcrumb":{"@id":"https:\/\/linkupsolutions.us\/es\/nuestro-equipo\/#breadcrumb"},"inLanguage":"es","potentialAction":[{"@type":"ReadAction","target":["https:\/\/linkupsolutions.us\/es\/nuestro-equipo\/"]}]},{"@type":"BreadcrumbList","@id":"https:\/\/linkupsolutions.us\/es\/nuestro-equipo\/#breadcrumb","itemListElement":[{"@type":"ListItem","position":1,"name":"Home","item":"https:\/\/linkupsolutions.us\/es\/"},{"@type":"ListItem","position":2,"name":"Nuestro equipo"}]},{"@type":"WebSite","@id":"https:\/\/linkupsolutions.us\/es\/#website","url":"https:\/\/linkupsolutions.us\/es\/","name":"Link Up Solutions \u2014 Spanish","description":"","publisher":{"@id":"https:\/\/linkupsolutions.us\/es\/#organization"},"potentialAction":[{"@type":"SearchAction","target":{"@type":"EntryPoint","urlTemplate":"https:\/\/linkupsolutions.us\/es\/?s={search_term_string}"},"query-input":{"@type":"PropertyValueSpecification","valueRequired":true,"valueName":"search_term_string"}}],"inLanguage":"es"},{"@type":"Organization","@id":"https:\/\/linkupsolutions.us\/es\/#organization","name":"Link Up Solutions \u2014 Spanish","url":"https:\/\/linkupsolutions.us\/es\/","logo":{"@type":"ImageObject","inLanguage":"es","@id":"https:\/\/linkupsolutions.us\/es\/#\/schema\/logo\/image\/","url":"https:\/\/linkupsolutions.us\/es\/wp-content\/uploads\/sites\/12\/2025\/02\/Logo-Link-Up-Solutions.svg","contentUrl":"https:\/\/linkupsolutions.us\/es\/wp-content\/uploads\/sites\/12\/2025\/02\/Logo-Link-Up-Solutions.svg","width":167,"height":200,"caption":"Link Up Solutions \u2014 Spanish"},"image":{"@id":"https:\/\/linkupsolutions.us\/es\/#\/schema\/logo\/image\/"}}]}},"_links":{"self":[{"href":"https:\/\/linkupsolutions.us\/es\/wp-json\/wp\/v2\/pages\/4076","targetHints":{"allow":["GET"]}}],"collection":[{"href":"https:\/\/linkupsolutions.us\/es\/wp-json\/wp\/v2\/pages"}],"about":[{"href":"https:\/\/linkupsolutions.us\/es\/wp-json\/wp\/v2\/types\/page"}],"author":[{"embeddable":true,"href":"https:\/\/linkupsolutions.us\/es\/wp-json\/wp\/v2\/users\/4"}],"replies":[{"embeddable":true,"href":"https:\/\/linkupsolutions.us\/es\/wp-json\/wp\/v2\/comments?post=4076"}],"version-history":[{"count":29,"href":"https:\/\/linkupsolutions.us\/es\/wp-json\/wp\/v2\/pages\/4076\/revisions"}],"predecessor-version":[{"id":4639,"href":"https:\/\/linkupsolutions.us\/es\/wp-json\/wp\/v2\/pages\/4076\/revisions\/4639"}],"wp:attachment":[{"href":"https:\/\/linkupsolutions.us\/es\/wp-json\/wp\/v2\/media?parent=4076"}],"curies":[{"name":"wp","href":"https:\/\/api.w.org\/{rel}","templated":true}]}}