{"id":4745,"date":"2026-02-04T22:01:30","date_gmt":"2026-02-04T22:01:30","guid":{"rendered":"https:\/\/linkupsolutions.us\/es\/?page_id=4745"},"modified":"2026-03-31T04:13:02","modified_gmt":"2026-03-31T04:13:02","slug":"recursos","status":"publish","type":"page","link":"https:\/\/linkupsolutions.us\/es\/recursos\/","title":{"rendered":"Recursos"},"content":{"rendered":"\t\t<div data-elementor-type=\"wp-page\" data-elementor-id=\"4745\" class=\"elementor elementor-4745\" data-elementor-post-type=\"page\">\n\t\t\t\t<div class=\"elementor-element elementor-element-6a0c05b e-flex e-con-boxed e-con e-parent\" data-id=\"6a0c05b\" data-element_type=\"container\" data-e-type=\"container\" data-settings=\"{&quot;background_background&quot;:&quot;classic&quot;}\">\n\t\t\t\t\t<div class=\"e-con-inner\">\n\t\t\t\t<div class=\"elementor-element elementor-element-fc51907 elementor-widget elementor-widget-elementskit-heading\" data-id=\"fc51907\" data-element_type=\"widget\" data-e-type=\"widget\" data-widget_type=\"elementskit-heading.default\">\n\t\t\t\t<div class=\"elementor-widget-container\">\n\t\t\t\t\t<div class=\"ekit-wid-con\" ><div class=\"ekit-heading elementskit-section-title-wraper text_center   ekit_heading_tablet-   ekit_heading_mobile-\"><h1 class=\"ekit-heading--title elementskit-section-title \">Recursos<\/h1><\/div><\/div>\t\t\t\t<\/div>\n\t\t\t\t<\/div>\n\t\t\t\t\t<\/div>\n\t\t\t\t<\/div>\n\t\t<div class=\"elementor-element elementor-element-30b8428 e-con-full e-flex e-con e-parent\" data-id=\"30b8428\" data-element_type=\"container\" data-e-type=\"container\" data-settings=\"{&quot;background_background&quot;:&quot;classic&quot;}\">\n\t\t<div class=\"elementor-element elementor-element-5e65170 e-flex e-con-boxed e-con e-child\" data-id=\"5e65170\" data-element_type=\"container\" data-e-type=\"container\" data-settings=\"{&quot;background_background&quot;:&quot;classic&quot;}\">\n\t\t\t\t\t<div class=\"e-con-inner\">\n\t\t<div class=\"elementor-element elementor-element-880e9bd e-con-full e-flex e-con e-child\" data-id=\"880e9bd\" data-element_type=\"container\" data-e-type=\"container\">\n\t\t\t\t<div class=\"elementor-element elementor-element-38fb07e elementor-widget elementor-widget-elementskit-heading\" data-id=\"38fb07e\" data-element_type=\"widget\" data-e-type=\"widget\" data-widget_type=\"elementskit-heading.default\">\n\t\t\t\t<div class=\"elementor-widget-container\">\n\t\t\t\t\t<div class=\"ekit-wid-con\" ><div class=\"ekit-heading elementskit-section-title-wraper text_left   ekit_heading_tablet-   ekit_heading_mobile-text_center\"><h2 class=\"ekit-heading--title elementskit-section-title \"><span><span>accidente de auto<\/span><\/span><\/h2><\/div><\/div>\t\t\t\t<\/div>\n\t\t\t\t<\/div>\n\t\t\t\t<\/div>\n\t\t\t\t\t<\/div>\n\t\t\t\t<\/div>\n\t\t<div class=\"elementor-element elementor-element-92ddb4a e-flex e-con-boxed e-con e-child\" data-id=\"92ddb4a\" data-element_type=\"container\" data-e-type=\"container\">\n\t\t\t\t\t<div class=\"e-con-inner\">\n\t\t<div class=\"elementor-element elementor-element-9f58e17 e-con-full e-flex e-con e-child\" data-id=\"9f58e17\" data-element_type=\"container\" data-e-type=\"container\">\n\t\t<a class=\"elementor-element elementor-element-47aeb38 e-con-full e-flex e-con e-child\" data-id=\"47aeb38\" data-element_type=\"container\" data-e-type=\"container\" data-settings=\"{&quot;background_background&quot;:&quot;classic&quot;}\" href=\"https:\/\/linkupsolutions.us\/es\/blog\/2026\/02\/02\/accidente-de-auto-en-florida\/\">\n\t\t<div class=\"elementor-element elementor-element-168f28e e-con-full e-flex e-con e-child\" data-id=\"168f28e\" data-element_type=\"container\" data-e-type=\"container\" data-settings=\"{&quot;background_background&quot;:&quot;classic&quot;}\">\n\t\t\t\t<div class=\"elementor-element elementor-element-bf453b9 elementor-widget elementor-widget-heading\" data-id=\"bf453b9\" data-element_type=\"widget\" data-e-type=\"widget\" data-widget_type=\"heading.default\">\n\t\t\t\t<div class=\"elementor-widget-container\">\n\t\t\t\t\t<h6 class=\"elementor-heading-title elementor-size-default\">Accidente De Auto<\/h6>\t\t\t\t<\/div>\n\t\t\t\t<\/div>\n\t\t<div class=\"elementor-element elementor-element-e829ca7 e-con-full e-flex e-con e-child\" data-id=\"e829ca7\" data-element_type=\"container\" data-e-type=\"container\">\n\t\t\t\t<div class=\"elementor-element elementor-element-83b306a elementor-widget elementor-widget-heading\" data-id=\"83b306a\" data-element_type=\"widget\" data-e-type=\"widget\" data-widget_type=\"heading.default\">\n\t\t\t\t<div class=\"elementor-widget-container\">\n\t\t\t\t\t<h3 class=\"elementor-heading-title elementor-size-default\">Qu\u00e9 pasa con tu cuerpo despu\u00e9s de un accidente de auto<\/h3>\t\t\t\t<\/div>\n\t\t\t\t<\/div>\n\t\t\t\t<div class=\"elementor-element elementor-element-38ba6cb elementor-widget elementor-widget-text-editor\" data-id=\"38ba6cb\" data-element_type=\"widget\" data-e-type=\"widget\" data-widget_type=\"text-editor.default\">\n\t\t\t\t<div class=\"elementor-widget-container\">\n\t\t\t\t\t\t\t\t\t<p>Aunque \u00abTe sientas bien\u00bb<\/p>\t\t\t\t\t\t\t\t<\/div>\n\t\t\t\t<\/div>\n\t\t\t\t<\/div>\n\t\t\t\t<div class=\"elementor-element elementor-element-5a4246b elementor-widget elementor-widget-heading\" data-id=\"5a4246b\" data-element_type=\"widget\" data-e-type=\"widget\" data-widget_type=\"heading.default\">\n\t\t\t\t<div class=\"elementor-widget-container\">\n\t\t\t\t\t<h6 class=\"elementor-heading-title elementor-size-default\">Leer M\u00e1s<\/h6>\t\t\t\t<\/div>\n\t\t\t\t<\/div>\n\t\t\t\t<\/div>\n\t\t\t\t<\/a>\n\t\t<a class=\"elementor-element elementor-element-6ef1928 e-con-full e-flex e-con e-child\" data-id=\"6ef1928\" data-element_type=\"container\" data-e-type=\"container\" data-settings=\"{&quot;background_background&quot;:&quot;classic&quot;}\" href=\"https:\/\/linkupsolutions.us\/es\/como-ganar-un-caso-de-accidente-de-auto-7-claves-que-los-seguros-no-querran-que-sepas\/\">\n\t\t<div class=\"elementor-element elementor-element-132f58b e-con-full e-flex e-con e-child\" data-id=\"132f58b\" data-element_type=\"container\" data-e-type=\"container\" data-settings=\"{&quot;background_background&quot;:&quot;classic&quot;}\">\n\t\t\t\t<div class=\"elementor-element elementor-element-b1d57c2 elementor-widget elementor-widget-heading\" data-id=\"b1d57c2\" data-element_type=\"widget\" data-e-type=\"widget\" data-widget_type=\"heading.default\">\n\t\t\t\t<div class=\"elementor-widget-container\">\n\t\t\t\t\t<h6 class=\"elementor-heading-title elementor-size-default\">Accidente De Auto<\/h6>\t\t\t\t<\/div>\n\t\t\t\t<\/div>\n\t\t<div class=\"elementor-element elementor-element-e1a58a8 e-con-full e-flex e-con e-child\" data-id=\"e1a58a8\" data-element_type=\"container\" data-e-type=\"container\">\n\t\t\t\t<div class=\"elementor-element elementor-element-28aaab8 elementor-widget elementor-widget-heading\" data-id=\"28aaab8\" data-element_type=\"widget\" data-e-type=\"widget\" data-widget_type=\"heading.default\">\n\t\t\t\t<div class=\"elementor-widget-container\">\n\t\t\t\t\t<h3 class=\"elementor-heading-title elementor-size-default\">C\u00f3mo ganar un caso de accidente de auto\n\n<\/h3>\t\t\t\t<\/div>\n\t\t\t\t<\/div>\n\t\t\t\t<div class=\"elementor-element elementor-element-16ea495 elementor-widget elementor-widget-text-editor\" data-id=\"16ea495\" data-element_type=\"widget\" data-e-type=\"widget\" data-widget_type=\"text-editor.default\">\n\t\t\t\t<div class=\"elementor-widget-container\">\n\t\t\t\t\t\t\t\t\t<p>7 claves que los seguros no querr\u00e1n que sepas<\/p>\t\t\t\t\t\t\t\t<\/div>\n\t\t\t\t<\/div>\n\t\t\t\t<\/div>\n\t\t\t\t<div class=\"elementor-element elementor-element-4bfd6d2 elementor-widget elementor-widget-heading\" data-id=\"4bfd6d2\" data-element_type=\"widget\" data-e-type=\"widget\" data-widget_type=\"heading.default\">\n\t\t\t\t<div class=\"elementor-widget-container\">\n\t\t\t\t\t<h6 class=\"elementor-heading-title elementor-size-default\">Leer M\u00e1s<\/h6>\t\t\t\t<\/div>\n\t\t\t\t<\/div>\n\t\t\t\t<\/div>\n\t\t\t\t<\/a>\n\t\t\t\t<\/div>\n\t\t\t\t\t<\/div>\n\t\t\t\t<\/div>\n\t\t<div class=\"elementor-element elementor-element-3681b0e e-flex e-con-boxed e-con e-child\" data-id=\"3681b0e\" data-element_type=\"container\" data-e-type=\"container\">\n\t\t\t\t\t<div class=\"e-con-inner\">\n\t\t<div class=\"elementor-element elementor-element-26ef597 e-con-full e-flex e-con e-child\" data-id=\"26ef597\" data-element_type=\"container\" data-e-type=\"container\">\n\t\t<a class=\"elementor-element elementor-element-3bb5c89 e-con-full e-flex e-con e-child\" data-id=\"3bb5c89\" data-element_type=\"container\" data-e-type=\"container\" data-settings=\"{&quot;background_background&quot;:&quot;classic&quot;}\" href=\"https:\/\/linkupsolutions.us\/es\/sintomas-despues-de-un-choque-cuales-son-normales-y-cuales-son-peligrosos\/\">\n\t\t<div class=\"elementor-element elementor-element-d6740f7 e-con-full e-flex e-con e-child\" data-id=\"d6740f7\" data-element_type=\"container\" data-e-type=\"container\" data-settings=\"{&quot;background_background&quot;:&quot;classic&quot;}\">\n\t\t\t\t<div class=\"elementor-element elementor-element-567add8 elementor-widget elementor-widget-heading\" data-id=\"567add8\" data-element_type=\"widget\" data-e-type=\"widget\" data-widget_type=\"heading.default\">\n\t\t\t\t<div class=\"elementor-widget-container\">\n\t\t\t\t\t<h6 class=\"elementor-heading-title elementor-size-default\">Accidente De Auto<\/h6>\t\t\t\t<\/div>\n\t\t\t\t<\/div>\n\t\t<div class=\"elementor-element elementor-element-170ee92 e-con-full e-flex e-con e-child\" data-id=\"170ee92\" data-element_type=\"container\" data-e-type=\"container\">\n\t\t\t\t<div class=\"elementor-element elementor-element-7c631ce elementor-widget elementor-widget-heading\" data-id=\"7c631ce\" data-element_type=\"widget\" data-e-type=\"widget\" data-widget_type=\"heading.default\">\n\t\t\t\t<div class=\"elementor-widget-container\">\n\t\t\t\t\t<h3 class=\"elementor-heading-title elementor-size-default\">S\u00edntomas despu\u00e9s de un choque cu\u00e1les son normales<\/h3>\t\t\t\t<\/div>\n\t\t\t\t<\/div>\n\t\t\t\t<div class=\"elementor-element elementor-element-36d1e6a elementor-widget elementor-widget-text-editor\" data-id=\"36d1e6a\" data-element_type=\"widget\" data-e-type=\"widget\" data-widget_type=\"text-editor.default\">\n\t\t\t\t<div class=\"elementor-widget-container\">\n\t\t\t\t\t\t\t\t\t<p>Y cu\u00e1les son peligrosos\u200b<\/p>\t\t\t\t\t\t\t\t<\/div>\n\t\t\t\t<\/div>\n\t\t\t\t<\/div>\n\t\t\t\t<div class=\"elementor-element elementor-element-8fa18f9 elementor-widget elementor-widget-heading\" data-id=\"8fa18f9\" data-element_type=\"widget\" data-e-type=\"widget\" data-widget_type=\"heading.default\">\n\t\t\t\t<div class=\"elementor-widget-container\">\n\t\t\t\t\t<h6 class=\"elementor-heading-title elementor-size-default\">Leer M\u00e1s<\/h6>\t\t\t\t<\/div>\n\t\t\t\t<\/div>\n\t\t\t\t<\/div>\n\t\t\t\t<\/a>\n\t\t<a class=\"elementor-element elementor-element-dfb74cf e-con-full e-flex e-con e-child\" data-id=\"dfb74cf\" data-element_type=\"container\" data-e-type=\"container\" data-settings=\"{&quot;background_background&quot;:&quot;classic&quot;}\" href=\"https:\/\/linkupsolutions.us\/es\/errores-que-pueden-arruinar-tu-caso-de-accidente-de-auto\/\">\n\t\t<div class=\"elementor-element elementor-element-40ad379 e-con-full e-flex e-con e-child\" data-id=\"40ad379\" data-element_type=\"container\" data-e-type=\"container\" data-settings=\"{&quot;background_background&quot;:&quot;classic&quot;}\">\n\t\t\t\t<div class=\"elementor-element elementor-element-6c508de elementor-widget elementor-widget-heading\" data-id=\"6c508de\" data-element_type=\"widget\" data-e-type=\"widget\" data-widget_type=\"heading.default\">\n\t\t\t\t<div class=\"elementor-widget-container\">\n\t\t\t\t\t<h6 class=\"elementor-heading-title elementor-size-default\">Accidente De Auto<\/h6>\t\t\t\t<\/div>\n\t\t\t\t<\/div>\n\t\t<div class=\"elementor-element elementor-element-af8cb90 e-con-full e-flex e-con e-child\" data-id=\"af8cb90\" data-element_type=\"container\" data-e-type=\"container\">\n\t\t\t\t<div class=\"elementor-element elementor-element-3332bde elementor-widget elementor-widget-heading\" data-id=\"3332bde\" data-element_type=\"widget\" data-e-type=\"widget\" data-widget_type=\"heading.default\">\n\t\t\t\t<div class=\"elementor-widget-container\">\n\t\t\t\t\t<h3 class=\"elementor-heading-title elementor-size-default\">Errores que pueden arruinar tu caso de accidente de auto (y c\u00f3mo evitarlos)\u200b<\/h3>\t\t\t\t<\/div>\n\t\t\t\t<\/div>\n\t\t\t\t<div class=\"elementor-element elementor-element-74d54de elementor-widget elementor-widget-text-editor\" data-id=\"74d54de\" data-element_type=\"widget\" data-e-type=\"widget\" data-widget_type=\"text-editor.default\">\n\t\t\t\t<div class=\"elementor-widget-container\">\n\t\t\t\t\t\t\t\t\t<p>Aunque \u00abTe sientas bien\u00bb<\/p>\t\t\t\t\t\t\t\t<\/div>\n\t\t\t\t<\/div>\n\t\t\t\t<\/div>\n\t\t\t\t<div class=\"elementor-element elementor-element-06a70e9 elementor-widget elementor-widget-heading\" data-id=\"06a70e9\" data-element_type=\"widget\" data-e-type=\"widget\" data-widget_type=\"heading.default\">\n\t\t\t\t<div class=\"elementor-widget-container\">\n\t\t\t\t\t<h6 class=\"elementor-heading-title elementor-size-default\">Leer M\u00e1s<\/h6>\t\t\t\t<\/div>\n\t\t\t\t<\/div>\n\t\t\t\t<\/div>\n\t\t\t\t<\/a>\n\t\t<a class=\"elementor-element elementor-element-56f3b4d e-con-full e-flex e-con e-child\" data-id=\"56f3b4d\" data-element_type=\"container\" data-e-type=\"container\" data-settings=\"{&quot;background_background&quot;:&quot;classic&quot;}\" href=\"https:\/\/linkupsolutions.us\/es\/que-tipo-de-doctor-deberias-visitar-luego-de-un-accidente-de-auto\/\">\n\t\t<div class=\"elementor-element elementor-element-7aeef9b e-con-full e-flex e-con e-child\" data-id=\"7aeef9b\" data-element_type=\"container\" data-e-type=\"container\" data-settings=\"{&quot;background_background&quot;:&quot;classic&quot;}\">\n\t\t\t\t<div class=\"elementor-element elementor-element-46c62dc elementor-widget elementor-widget-heading\" data-id=\"46c62dc\" data-element_type=\"widget\" data-e-type=\"widget\" data-widget_type=\"heading.default\">\n\t\t\t\t<div class=\"elementor-widget-container\">\n\t\t\t\t\t<h6 class=\"elementor-heading-title elementor-size-default\">Accidente De Auto<\/h6>\t\t\t\t<\/div>\n\t\t\t\t<\/div>\n\t\t<div class=\"elementor-element elementor-element-04acae9 e-con-full e-flex e-con e-child\" data-id=\"04acae9\" data-element_type=\"container\" data-e-type=\"container\">\n\t\t\t\t<div class=\"elementor-element elementor-element-b9388a0 elementor-widget elementor-widget-heading\" data-id=\"b9388a0\" data-element_type=\"widget\" data-e-type=\"widget\" data-widget_type=\"heading.default\">\n\t\t\t\t<div class=\"elementor-widget-container\">\n\t\t\t\t\t<h3 class=\"elementor-heading-title elementor-size-default\">\u00bfQu\u00e9 tipo de doctor deber\u00edas visitar luego de un accidente de auto?<\/h3>\t\t\t\t<\/div>\n\t\t\t\t<\/div>\n\t\t\t\t<div class=\"elementor-element elementor-element-d17a8aa elementor-widget elementor-widget-text-editor\" data-id=\"d17a8aa\" data-element_type=\"widget\" data-e-type=\"widget\" data-widget_type=\"text-editor.default\">\n\t\t\t\t<div class=\"elementor-widget-container\">\n\t\t\t\t\t\t\t\t\t<p><span dir=\"auto\" style=\"vertical-align: inherit;\"><span dir=\"auto\" style=\"vertical-align: inherit;\">After a car accident<\/span><\/span><\/p>\t\t\t\t\t\t\t\t<\/div>\n\t\t\t\t<\/div>\n\t\t\t\t<\/div>\n\t\t\t\t<div class=\"elementor-element elementor-element-e6607ca elementor-widget elementor-widget-heading\" data-id=\"e6607ca\" data-element_type=\"widget\" data-e-type=\"widget\" data-widget_type=\"heading.default\">\n\t\t\t\t<div class=\"elementor-widget-container\">\n\t\t\t\t\t<h6 class=\"elementor-heading-title elementor-size-default\">Leer M\u00e1s<\/h6>\t\t\t\t<\/div>\n\t\t\t\t<\/div>\n\t\t\t\t<\/div>\n\t\t\t\t<\/a>\n\t\t\t\t<\/div>\n\t\t\t\t\t<\/div>\n\t\t\t\t<\/div>\n\t\t<div class=\"elementor-element elementor-element-d5922d7 e-flex e-con-boxed e-con e-child\" data-id=\"d5922d7\" data-element_type=\"container\" data-e-type=\"container\">\n\t\t\t\t\t<div class=\"e-con-inner\">\n\t\t\t\t<div class=\"elementor-element elementor-element-ee4df01 elementor-widget elementor-widget-elementskit-heading\" data-id=\"ee4df01\" data-element_type=\"widget\" data-e-type=\"widget\" data-widget_type=\"elementskit-heading.default\">\n\t\t\t\t<div class=\"elementor-widget-container\">\n\t\t\t\t\t<div class=\"ekit-wid-con\" ><div class=\"ekit-heading elementskit-section-title-wraper text_left   ekit_heading_tablet-   ekit_heading_mobile-text_center\"><h2 class=\"ekit-heading--title elementskit-section-title \">Obtenga apoyo <span><span>legal y m\u00e9dico especializado<\/span><\/span><\/h2><\/div><\/div>\t\t\t\t<\/div>\n\t\t\t\t<\/div>\n\t\t\t\t<div class=\"elementor-element elementor-element-86507b5 elementor-widget elementor-widget-button\" data-id=\"86507b5\" data-element_type=\"widget\" data-e-type=\"widget\" data-widget_type=\"button.default\">\n\t\t\t\t<div class=\"elementor-widget-container\">\n\t\t\t\t\t\t\t\t\t<div class=\"elementor-button-wrapper\">\n\t\t\t\t\t<a class=\"elementor-button elementor-button-link elementor-size-sm\" href=\"https:\/\/linkupsolutions.us\/es\/contacto\/\">\n\t\t\t\t\t\t<span class=\"elementor-button-content-wrapper\">\n\t\t\t\t\t\t<span class=\"elementor-button-icon\">\n\t\t\t\t<i aria-hidden=\"true\" class=\"jki jki-arrow-circle-right-solid\"><\/i>\t\t\t<\/span>\n\t\t\t\t\t\t\t\t\t<span class=\"elementor-button-text\"> Consejo gratis<\/span>\n\t\t\t\t\t<\/span>\n\t\t\t\t\t<\/a>\n\t\t\t\t<\/div>\n\t\t\t\t\t\t\t\t<\/div>\n\t\t\t\t<\/div>\n\t\t\t\t\t<\/div>\n\t\t\t\t<\/div>\n\t\t\t\t<\/div>\n\t\t\t\t<\/div>\n\t\t","protected":false},"excerpt":{"rendered":"<p>Recursos accidente de auto Accidente De Auto Qu\u00e9 pasa con tu cuerpo despu\u00e9s de un accidente de auto Aunque \u00abTe sientas bien\u00bb Leer M\u00e1s Accidente De Auto C\u00f3mo ganar un caso de accidente de auto 7 claves que los seguros no querr\u00e1n que sepas Leer M\u00e1s Accidente De Auto S\u00edntomas despu\u00e9s de un choque cu\u00e1les [&hellip;]<\/p>\n","protected":false},"author":6,"featured_media":0,"parent":0,"menu_order":0,"comment_status":"closed","ping_status":"closed","template":"elementor_header_footer","meta":{"_joinchat":[],"footnotes":""},"class_list":["post-4745","page","type-page","status-publish","hentry"],"yoast_head":"<!-- This site is optimized with the Yoast SEO plugin v27.4 - https:\/\/yoast.com\/product\/yoast-seo-wordpress\/ -->\n<title>Recursos | Link Up Solutions \u2014 Spanish<\/title>\n<meta name=\"description\" content=\"Todo lo que necesitas en un solo lugar: gu\u00edas, enlaces \u00fatiles, documentos y herramientas clave. Respuestas claras y r\u00e1pidas.\" \/>\n<meta name=\"robots\" content=\"index, follow, max-snippet:-1, max-image-preview:large, max-video-preview:-1\" \/>\n<link rel=\"canonical\" href=\"https:\/\/linkupsolutions.us\/es\/recursos\/\" \/>\n<meta property=\"og:locale\" content=\"es_ES\" \/>\n<meta property=\"og:type\" content=\"article\" \/>\n<meta property=\"og:title\" content=\"Recursos | Link Up Solutions \u2014 Spanish\" \/>\n<meta property=\"og:description\" content=\"Todo lo que necesitas en un solo lugar: gu\u00edas, enlaces \u00fatiles, documentos y herramientas clave. Respuestas claras y r\u00e1pidas.\" \/>\n<meta property=\"og:url\" content=\"https:\/\/linkupsolutions.us\/es\/recursos\/\" \/>\n<meta property=\"og:site_name\" content=\"Link Up Solutions \u2014 Spanish\" \/>\n<meta property=\"article:modified_time\" content=\"2026-03-31T04:13:02+00:00\" \/>\n<meta name=\"twitter:card\" content=\"summary_large_image\" \/>\n<meta name=\"twitter:label1\" content=\"Tiempo de lectura\" \/>\n\t<meta name=\"twitter:data1\" content=\"1 minuto\" \/>\n<script type=\"application\/ld+json\" class=\"yoast-schema-graph\">{\"@context\":\"https:\\\/\\\/schema.org\",\"@graph\":[{\"@type\":\"WebPage\",\"@id\":\"https:\\\/\\\/linkupsolutions.us\\\/es\\\/recursos\\\/\",\"url\":\"https:\\\/\\\/linkupsolutions.us\\\/es\\\/recursos\\\/\",\"name\":\"Recursos | Link Up Solutions \u2014 Spanish\",\"isPartOf\":{\"@id\":\"https:\\\/\\\/linkupsolutions.us\\\/es\\\/#website\"},\"datePublished\":\"2026-02-04T22:01:30+00:00\",\"dateModified\":\"2026-03-31T04:13:02+00:00\",\"description\":\"Todo lo que necesitas en un solo lugar: gu\u00edas, enlaces \u00fatiles, documentos y herramientas clave. Respuestas claras y r\u00e1pidas.\",\"breadcrumb\":{\"@id\":\"https:\\\/\\\/linkupsolutions.us\\\/es\\\/recursos\\\/#breadcrumb\"},\"inLanguage\":\"es\",\"potentialAction\":[{\"@type\":\"ReadAction\",\"target\":[\"https:\\\/\\\/linkupsolutions.us\\\/es\\\/recursos\\\/\"]}]},{\"@type\":\"BreadcrumbList\",\"@id\":\"https:\\\/\\\/linkupsolutions.us\\\/es\\\/recursos\\\/#breadcrumb\",\"itemListElement\":[{\"@type\":\"ListItem\",\"position\":1,\"name\":\"Home\",\"item\":\"https:\\\/\\\/linkupsolutions.us\\\/es\\\/\"},{\"@type\":\"ListItem\",\"position\":2,\"name\":\"Recursos\"}]},{\"@type\":\"WebSite\",\"@id\":\"https:\\\/\\\/linkupsolutions.us\\\/es\\\/#website\",\"url\":\"https:\\\/\\\/linkupsolutions.us\\\/es\\\/\",\"name\":\"Link Up Solutions \u2014 Spanish\",\"description\":\"\",\"publisher\":{\"@id\":\"https:\\\/\\\/linkupsolutions.us\\\/es\\\/#organization\"},\"potentialAction\":[{\"@type\":\"SearchAction\",\"target\":{\"@type\":\"EntryPoint\",\"urlTemplate\":\"https:\\\/\\\/linkupsolutions.us\\\/es\\\/?s={search_term_string}\"},\"query-input\":{\"@type\":\"PropertyValueSpecification\",\"valueRequired\":true,\"valueName\":\"search_term_string\"}}],\"inLanguage\":\"es\"},{\"@type\":\"Organization\",\"@id\":\"https:\\\/\\\/linkupsolutions.us\\\/es\\\/#organization\",\"name\":\"Link Up Solutions \u2014 Spanish\",\"url\":\"https:\\\/\\\/linkupsolutions.us\\\/es\\\/\",\"logo\":{\"@type\":\"ImageObject\",\"inLanguage\":\"es\",\"@id\":\"https:\\\/\\\/linkupsolutions.us\\\/es\\\/#\\\/schema\\\/logo\\\/image\\\/\",\"url\":\"https:\\\/\\\/linkupsolutions.us\\\/es\\\/wp-content\\\/uploads\\\/sites\\\/12\\\/2025\\\/02\\\/Logo-Link-Up-Solutions.svg\",\"contentUrl\":\"https:\\\/\\\/linkupsolutions.us\\\/es\\\/wp-content\\\/uploads\\\/sites\\\/12\\\/2025\\\/02\\\/Logo-Link-Up-Solutions.svg\",\"width\":167,\"height\":200,\"caption\":\"Link Up Solutions \u2014 Spanish\"},\"image\":{\"@id\":\"https:\\\/\\\/linkupsolutions.us\\\/es\\\/#\\\/schema\\\/logo\\\/image\\\/\"}}]}<\/script>\n<!-- \/ Yoast SEO plugin. -->","yoast_head_json":{"title":"Recursos | Link Up Solutions \u2014 Spanish","description":"Todo lo que necesitas en un solo lugar: gu\u00edas, enlaces \u00fatiles, documentos y herramientas clave. Respuestas claras y r\u00e1pidas.","robots":{"index":"index","follow":"follow","max-snippet":"max-snippet:-1","max-image-preview":"max-image-preview:large","max-video-preview":"max-video-preview:-1"},"canonical":"https:\/\/linkupsolutions.us\/es\/recursos\/","og_locale":"es_ES","og_type":"article","og_title":"Recursos | Link Up Solutions \u2014 Spanish","og_description":"Todo lo que necesitas en un solo lugar: gu\u00edas, enlaces \u00fatiles, documentos y herramientas clave. Respuestas claras y r\u00e1pidas.","og_url":"https:\/\/linkupsolutions.us\/es\/recursos\/","og_site_name":"Link Up Solutions \u2014 Spanish","article_modified_time":"2026-03-31T04:13:02+00:00","twitter_card":"summary_large_image","twitter_misc":{"Tiempo de lectura":"1 minuto"},"schema":{"@context":"https:\/\/schema.org","@graph":[{"@type":"WebPage","@id":"https:\/\/linkupsolutions.us\/es\/recursos\/","url":"https:\/\/linkupsolutions.us\/es\/recursos\/","name":"Recursos | Link Up Solutions \u2014 Spanish","isPartOf":{"@id":"https:\/\/linkupsolutions.us\/es\/#website"},"datePublished":"2026-02-04T22:01:30+00:00","dateModified":"2026-03-31T04:13:02+00:00","description":"Todo lo que necesitas en un solo lugar: gu\u00edas, enlaces \u00fatiles, documentos y herramientas clave. Respuestas claras y r\u00e1pidas.","breadcrumb":{"@id":"https:\/\/linkupsolutions.us\/es\/recursos\/#breadcrumb"},"inLanguage":"es","potentialAction":[{"@type":"ReadAction","target":["https:\/\/linkupsolutions.us\/es\/recursos\/"]}]},{"@type":"BreadcrumbList","@id":"https:\/\/linkupsolutions.us\/es\/recursos\/#breadcrumb","itemListElement":[{"@type":"ListItem","position":1,"name":"Home","item":"https:\/\/linkupsolutions.us\/es\/"},{"@type":"ListItem","position":2,"name":"Recursos"}]},{"@type":"WebSite","@id":"https:\/\/linkupsolutions.us\/es\/#website","url":"https:\/\/linkupsolutions.us\/es\/","name":"Link Up Solutions \u2014 Spanish","description":"","publisher":{"@id":"https:\/\/linkupsolutions.us\/es\/#organization"},"potentialAction":[{"@type":"SearchAction","target":{"@type":"EntryPoint","urlTemplate":"https:\/\/linkupsolutions.us\/es\/?s={search_term_string}"},"query-input":{"@type":"PropertyValueSpecification","valueRequired":true,"valueName":"search_term_string"}}],"inLanguage":"es"},{"@type":"Organization","@id":"https:\/\/linkupsolutions.us\/es\/#organization","name":"Link Up Solutions \u2014 Spanish","url":"https:\/\/linkupsolutions.us\/es\/","logo":{"@type":"ImageObject","inLanguage":"es","@id":"https:\/\/linkupsolutions.us\/es\/#\/schema\/logo\/image\/","url":"https:\/\/linkupsolutions.us\/es\/wp-content\/uploads\/sites\/12\/2025\/02\/Logo-Link-Up-Solutions.svg","contentUrl":"https:\/\/linkupsolutions.us\/es\/wp-content\/uploads\/sites\/12\/2025\/02\/Logo-Link-Up-Solutions.svg","width":167,"height":200,"caption":"Link Up Solutions \u2014 Spanish"},"image":{"@id":"https:\/\/linkupsolutions.us\/es\/#\/schema\/logo\/image\/"}}]}},"_links":{"self":[{"href":"https:\/\/linkupsolutions.us\/es\/wp-json\/wp\/v2\/pages\/4745","targetHints":{"allow":["GET"]}}],"collection":[{"href":"https:\/\/linkupsolutions.us\/es\/wp-json\/wp\/v2\/pages"}],"about":[{"href":"https:\/\/linkupsolutions.us\/es\/wp-json\/wp\/v2\/types\/page"}],"author":[{"embeddable":true,"href":"https:\/\/linkupsolutions.us\/es\/wp-json\/wp\/v2\/users\/6"}],"replies":[{"embeddable":true,"href":"https:\/\/linkupsolutions.us\/es\/wp-json\/wp\/v2\/comments?post=4745"}],"version-history":[{"count":34,"href":"https:\/\/linkupsolutions.us\/es\/wp-json\/wp\/v2\/pages\/4745\/revisions"}],"predecessor-version":[{"id":4899,"href":"https:\/\/linkupsolutions.us\/es\/wp-json\/wp\/v2\/pages\/4745\/revisions\/4899"}],"wp:attachment":[{"href":"https:\/\/linkupsolutions.us\/es\/wp-json\/wp\/v2\/media?parent=4745"}],"curies":[{"name":"wp","href":"https:\/\/api.w.org\/{rel}","templated":true}]}}